{"id":909,"date":"2025-07-18T06:37:58","date_gmt":"2025-07-18T06:37:58","guid":{"rendered":"https:\/\/fuelxgainz.store\/?post_type=product&#038;p=909"},"modified":"2025-07-18T06:37:59","modified_gmt":"2025-07-18T06:37:59","slug":"collagen-300g","status":"publish","type":"product","link":"https:\/\/fuelxgainz.store\/en\/product\/collagen-300g\/","title":{"rendered":"Collagen &#8211; 300g"},"content":{"rendered":"<p><strong>Collagen makes up 75% of our skin and:<\/strong><\/p>\n<p><strong>\u2013 Provides its structure and support,<\/strong><br \/>\n<strong>\u2013 Maintains its elasticity,<\/strong><br \/>\n<strong>\u2013 Hydrates by attracting hyaluronic acid.<\/strong><\/p>\n<p>As we age, the balance between collagen synthesis and breakdown is affected. This means both the quantity and quality of collagen decrease. Your skin becomes thinner, dehydrated, and loses its structure.<\/p>\n<p><strong>Result:<\/strong>\u00a0visible signs of aging such as wrinkles, sagging, and dullness.<\/p>\n<h6>Ingredients:<\/h6>\n<p>Hydrolyzed bovine collagen, Acidity regulator (Citric acid), Hydrolyzed marine collagen, Flavor, Coloring, Sweeteners (Acesulfame-K, Sucralose), Ascorbic acid, Salt, Hyaluronic acid, Zinc oxide<\/p>\n<h6>Directions for Use:<\/h6>\n<p>Take 11g at breakfast.<\/p>\n<h6>Storage Conditions:<\/h6>\n<p>Keep the package tightly closed in a cool, dry place.<\/p>","protected":false},"excerpt":{"rendered":"<p>Collagen is a protein. It gives our bodies the structure, strength, and flexibility we need to move in our daily lives. It allows us to travel, move freely, jump, or fall without injuring ourselves. It protects and connects parts of our body to keep us standing. Collagen is the most important and abundant protein in our bodies.<\/p>","protected":false},"featured_media":911,"comment_status":"open","ping_status":"closed","template":"","meta":{"_acf_changed":false},"product_brand":[23],"product_cat":[53],"product_tag":[],"class_list":{"0":"post-909","1":"product","2":"type-product","3":"status-publish","4":"has-post-thumbnail","6":"product_brand-marvelous-nutrition","7":"product_cat-multivitaminicos","9":"first","10":"instock","11":"sale","12":"shipping-taxable","13":"purchasable","14":"product-type-simple"},"acf":[],"yoast_head":"<!-- This site is optimized with the Yoast SEO plugin v27.0 - https:\/\/yoast.com\/product\/yoast-seo-wordpress\/ -->\n<title>Collagen - 300g - Fuel X Gainz<\/title>\n<meta name=\"robots\" content=\"index, follow, max-snippet:-1, max-image-preview:large, max-video-preview:-1\" \/>\n<link rel=\"canonical\" href=\"https:\/\/fuelxgainz.store\/en\/product\/collagen-300g\/\" \/>\n<meta property=\"og:locale\" content=\"en_US\" \/>\n<meta property=\"og:type\" content=\"article\" \/>\n<meta property=\"og:title\" content=\"Collagen - 300g - Fuel X Gainz\" \/>\n<meta property=\"og:description\" content=\"O col\u00e1geno \u00e9 uma prote\u00edna. Ele d\u00e1 a nossos corpos a estrutura, a for\u00e7a e a flexibilidade de que precisamos para nos movimentarmos em nosso dia a dia. Ele nos permite viajar, nos movermos livremente, saltar ou cair sem nos machucarmos. Protege e conecta as partes de nosso corpo, para nos mantermos em p\u00e9. O col\u00e1geno \u00e9 a prote\u00edna mais importante e abundante em nossos corpos.\" \/>\n<meta property=\"og:url\" content=\"https:\/\/fuelxgainz.store\/en\/product\/collagen-300g\/\" \/>\n<meta property=\"og:site_name\" content=\"Fuel X Gainz\" \/>\n<meta property=\"article:modified_time\" content=\"2025-07-18T06:37:59+00:00\" \/>\n<meta property=\"og:image\" content=\"https:\/\/fuelxgainz.store\/wp-content\/uploads\/2025\/07\/Frame-112.png\" \/>\n\t<meta property=\"og:image:width\" content=\"600\" \/>\n\t<meta property=\"og:image:height\" content=\"471\" \/>\n\t<meta property=\"og:image:type\" content=\"image\/png\" \/>\n<meta name=\"twitter:card\" content=\"summary_large_image\" \/>\n<meta name=\"twitter:label1\" content=\"Est. reading time\" \/>\n\t<meta name=\"twitter:data1\" content=\"1 minute\" \/>\n<script type=\"application\/ld+json\" class=\"yoast-schema-graph\">{\"@context\":\"https:\/\/schema.org\",\"@graph\":[{\"@type\":\"WebPage\",\"@id\":\"https:\/\/fuelxgainz.store\/produto\/collagen-300g\/\",\"url\":\"https:\/\/fuelxgainz.store\/produto\/collagen-300g\/\",\"name\":\"Collagen - 300g - Fuel X Gainz\",\"isPartOf\":{\"@id\":\"https:\/\/fuelxgainz.store\/#website\"},\"primaryImageOfPage\":{\"@id\":\"https:\/\/fuelxgainz.store\/produto\/collagen-300g\/#primaryimage\"},\"image\":{\"@id\":\"https:\/\/fuelxgainz.store\/produto\/collagen-300g\/#primaryimage\"},\"thumbnailUrl\":\"https:\/\/fuelxgainz.store\/wp-content\/uploads\/2025\/07\/Frame-112.png\",\"datePublished\":\"2025-07-18T06:37:58+00:00\",\"dateModified\":\"2025-07-18T06:37:59+00:00\",\"breadcrumb\":{\"@id\":\"https:\/\/fuelxgainz.store\/produto\/collagen-300g\/#breadcrumb\"},\"inLanguage\":\"en-US\",\"potentialAction\":[{\"@type\":\"ReadAction\",\"target\":[\"https:\/\/fuelxgainz.store\/produto\/collagen-300g\/\"]}]},{\"@type\":\"ImageObject\",\"inLanguage\":\"en-US\",\"@id\":\"https:\/\/fuelxgainz.store\/produto\/collagen-300g\/#primaryimage\",\"url\":\"https:\/\/fuelxgainz.store\/wp-content\/uploads\/2025\/07\/Frame-112.png\",\"contentUrl\":\"https:\/\/fuelxgainz.store\/wp-content\/uploads\/2025\/07\/Frame-112.png\",\"width\":600,\"height\":471},{\"@type\":\"BreadcrumbList\",\"@id\":\"https:\/\/fuelxgainz.store\/produto\/collagen-300g\/#breadcrumb\",\"itemListElement\":[{\"@type\":\"ListItem\",\"position\":1,\"name\":\"Home\",\"item\":\"https:\/\/fuelxgainz.store\/\"},{\"@type\":\"ListItem\",\"position\":2,\"name\":\"Produtos\",\"item\":\"https:\/\/fuelxgainz.store\/produtos\/\"},{\"@type\":\"ListItem\",\"position\":3,\"name\":\"Collagen &#8211; 300g\"}]},{\"@type\":\"WebSite\",\"@id\":\"https:\/\/fuelxgainz.store\/#website\",\"url\":\"https:\/\/fuelxgainz.store\/\",\"name\":\"Fuel X Gainz\",\"description\":\"\",\"potentialAction\":[{\"@type\":\"SearchAction\",\"target\":{\"@type\":\"EntryPoint\",\"urlTemplate\":\"https:\/\/fuelxgainz.store\/?s={search_term_string}\"},\"query-input\":{\"@type\":\"PropertyValueSpecification\",\"valueRequired\":true,\"valueName\":\"search_term_string\"}}],\"inLanguage\":\"en-US\"}]}<\/script>\n<!-- \/ Yoast SEO plugin. -->","yoast_head_json":{"title":"Collagen - 300g - Fuel X Gainz","robots":{"index":"index","follow":"follow","max-snippet":"max-snippet:-1","max-image-preview":"max-image-preview:large","max-video-preview":"max-video-preview:-1"},"canonical":"https:\/\/fuelxgainz.store\/en\/product\/collagen-300g\/","og_locale":"en_US","og_type":"article","og_title":"Collagen - 300g - Fuel X Gainz","og_description":"O col\u00e1geno \u00e9 uma prote\u00edna. Ele d\u00e1 a nossos corpos a estrutura, a for\u00e7a e a flexibilidade de que precisamos para nos movimentarmos em nosso dia a dia. Ele nos permite viajar, nos movermos livremente, saltar ou cair sem nos machucarmos. Protege e conecta as partes de nosso corpo, para nos mantermos em p\u00e9. O col\u00e1geno \u00e9 a prote\u00edna mais importante e abundante em nossos corpos.","og_url":"https:\/\/fuelxgainz.store\/en\/product\/collagen-300g\/","og_site_name":"Fuel X Gainz","article_modified_time":"2025-07-18T06:37:59+00:00","og_image":[{"width":600,"height":471,"url":"https:\/\/fuelxgainz.store\/wp-content\/uploads\/2025\/07\/Frame-112.png","type":"image\/png"}],"twitter_card":"summary_large_image","twitter_misc":{"Est. reading time":"1 minute"},"schema":{"@context":"https:\/\/schema.org","@graph":[{"@type":"WebPage","@id":"https:\/\/fuelxgainz.store\/produto\/collagen-300g\/","url":"https:\/\/fuelxgainz.store\/produto\/collagen-300g\/","name":"Collagen - 300g - Fuel X Gainz","isPartOf":{"@id":"https:\/\/fuelxgainz.store\/#website"},"primaryImageOfPage":{"@id":"https:\/\/fuelxgainz.store\/produto\/collagen-300g\/#primaryimage"},"image":{"@id":"https:\/\/fuelxgainz.store\/produto\/collagen-300g\/#primaryimage"},"thumbnailUrl":"https:\/\/fuelxgainz.store\/wp-content\/uploads\/2025\/07\/Frame-112.png","datePublished":"2025-07-18T06:37:58+00:00","dateModified":"2025-07-18T06:37:59+00:00","breadcrumb":{"@id":"https:\/\/fuelxgainz.store\/produto\/collagen-300g\/#breadcrumb"},"inLanguage":"en-US","potentialAction":[{"@type":"ReadAction","target":["https:\/\/fuelxgainz.store\/produto\/collagen-300g\/"]}]},{"@type":"ImageObject","inLanguage":"en-US","@id":"https:\/\/fuelxgainz.store\/produto\/collagen-300g\/#primaryimage","url":"https:\/\/fuelxgainz.store\/wp-content\/uploads\/2025\/07\/Frame-112.png","contentUrl":"https:\/\/fuelxgainz.store\/wp-content\/uploads\/2025\/07\/Frame-112.png","width":600,"height":471},{"@type":"BreadcrumbList","@id":"https:\/\/fuelxgainz.store\/produto\/collagen-300g\/#breadcrumb","itemListElement":[{"@type":"ListItem","position":1,"name":"Home","item":"https:\/\/fuelxgainz.store\/"},{"@type":"ListItem","position":2,"name":"Produtos","item":"https:\/\/fuelxgainz.store\/produtos\/"},{"@type":"ListItem","position":3,"name":"Collagen &#8211; 300g"}]},{"@type":"WebSite","@id":"https:\/\/fuelxgainz.store\/#website","url":"https:\/\/fuelxgainz.store\/","name":"Fuel X Gainz","description":"","potentialAction":[{"@type":"SearchAction","target":{"@type":"EntryPoint","urlTemplate":"https:\/\/fuelxgainz.store\/?s={search_term_string}"},"query-input":{"@type":"PropertyValueSpecification","valueRequired":true,"valueName":"search_term_string"}}],"inLanguage":"en-US"}]}},"jetpack_sharing_enabled":true,"_links":{"self":[{"href":"https:\/\/fuelxgainz.store\/en\/wp-json\/wp\/v2\/product\/909","targetHints":{"allow":["GET"]}}],"collection":[{"href":"https:\/\/fuelxgainz.store\/en\/wp-json\/wp\/v2\/product"}],"about":[{"href":"https:\/\/fuelxgainz.store\/en\/wp-json\/wp\/v2\/types\/product"}],"replies":[{"embeddable":true,"href":"https:\/\/fuelxgainz.store\/en\/wp-json\/wp\/v2\/comments?post=909"}],"wp:featuredmedia":[{"embeddable":true,"href":"https:\/\/fuelxgainz.store\/en\/wp-json\/wp\/v2\/media\/911"}],"wp:attachment":[{"href":"https:\/\/fuelxgainz.store\/en\/wp-json\/wp\/v2\/media?parent=909"}],"wp:term":[{"taxonomy":"product_brand","embeddable":true,"href":"https:\/\/fuelxgainz.store\/en\/wp-json\/wp\/v2\/product_brand?post=909"},{"taxonomy":"product_cat","embeddable":true,"href":"https:\/\/fuelxgainz.store\/en\/wp-json\/wp\/v2\/product_cat?post=909"},{"taxonomy":"product_tag","embeddable":true,"href":"https:\/\/fuelxgainz.store\/en\/wp-json\/wp\/v2\/product_tag?post=909"}],"curies":[{"name":"wp","href":"https:\/\/api.w.org\/{rel}","templated":true}]}}