{"id":557,"date":"2025-06-05T07:01:35","date_gmt":"2025-06-05T07:01:35","guid":{"rendered":"https:\/\/fuelxgainz.store\/?post_type=product&#038;p=557"},"modified":"2025-06-05T15:41:49","modified_gmt":"2025-06-05T15:41:49","slug":"c4-204-g","status":"publish","type":"product","link":"https:\/\/fuelxgainz.store\/en\/product\/c4-204-g\/","title":{"rendered":"C4 &#8211; 204 g"},"content":{"rendered":"<h3 class=\"product_details_title\">Product Details<\/h3>\n<p class=\"ng-star-inserted\"><span class=\"ng-star-inserted\">Cellucor C4 Original \u2013 Advanced Energy, Endurance, Focus, and Vasodilation<\/span><\/p>\n<p class=\"ng-star-inserted\"><span class=\"ng-star-inserted\">Explosive energy, sharp focus, and an overwhelming desire to face any challenge\u2026 that\u2019s the C4 experience. Millions of people\u2014from beginners to elite athletes\u2014have trusted the C4 pre-workout to help transform their ambitions into achievements.<\/span><\/p>\n<p class=\"ng-star-inserted\"><span class=\"ng-star-inserted\">C4 Original lives up to its strong reputation with a classic formula for advanced energy, endurance, focus, and vasodilation! Now with a new bottle design and more delicious flavor options to choose from, it will feel like the first time you experience the C4 pre-workout you know and love.<\/span><\/p>\n<p class=\"ng-star-inserted\"><span class=\"ng-star-inserted\">Whether you\u2019re starting a fitness journey or pushing to reach the next level, C4 Original will help you unlock your full potential.<\/span><\/p>\n<p class=\"ng-star-inserted\"><span class=\"ng-star-inserted\">Contains CarnoSyn\u00ae Beta-Alanine, an amino acid that converts in your body to a compound called carnosine. It is the only patented and clinically studied form of beta-alanine shown to support muscle endurance.<\/span><\/p>\n<table class=\"descricao-kk-produto\">\n<tbody>\n<tr>\n<td><strong>Amount per<\/strong><\/td>\n<td><strong>1 scoop (6.5 g)\u00a0 \u00a0<\/strong><\/td>\n<td><strong>% (6,5 g)\u00a0<\/strong><\/td>\n<\/tr>\n<tr>\n<td>* Vitamin C<\/td>\n<td>37,5 mg<\/td>\n<td>50%<\/td>\n<\/tr>\n<tr>\n<td>Vitamin B<\/td>\n<td>60,5 mg<\/td>\n<td>33%<\/td>\n<\/tr>\n<tr>\n<td>Folic Acid<\/td>\n<td>100 mcg<\/td>\n<td>33%<\/td>\n<\/tr>\n<tr>\n<td>Vitamin B1<\/td>\n<td>21,25 mcg<\/td>\n<td>45%<\/td>\n<\/tr>\n<tr>\n<td>CarnoSyn\u00ae<\/td>\n<td>\u00a01600 mg<\/td>\n<td><\/td>\n<\/tr>\n<tr>\n<td>Beta-Alanine<\/td>\n<td><\/td>\n<td><\/td>\n<\/tr>\n<tr>\n<td>Micronized Creatine Monohydrate<\/td>\n<td>1500 mg<\/td>\n<td><\/td>\n<\/tr>\n<tr>\n<td>Arginine Alpha-Ketoglutarate<\/td>\n<td>1000 mg<\/td>\n<td><\/td>\n<\/tr>\n<tr>\n<td>N-Acetyl L-Tyrosine<\/td>\n<td>200 mg<\/td>\n<td><\/td>\n<\/tr>\n<tr>\n<td>Anhydrous Caffeine<\/td>\n<td>4, 5150 mg<\/td>\n<td><\/td>\n<\/tr>\n<\/tbody>\n<\/table>","protected":false},"excerpt":{"rendered":"<p>Cellucor C4 Original delivers explosive energy, sharp focus, and an overwhelming drive for every workout. Millions trust this classic formula for advanced energy, endurance, and vasodilation. It contains CarnoSyn\u00ae Beta-Alanine, clinically proven to support muscle endurance. Unlock your full potential and turn ambitions into achievements.<\/p>","protected":false},"featured_media":558,"comment_status":"open","ping_status":"closed","template":"","meta":{"_acf_changed":false},"product_brand":[44],"product_cat":[41],"product_tag":[],"class_list":{"0":"post-557","1":"product","2":"type-product","3":"status-publish","4":"has-post-thumbnail","6":"product_brand-cellucor","7":"product_cat-pre-treinos-e-estimulantes","9":"first","10":"instock","11":"sale","12":"shipping-taxable","13":"purchasable","14":"product-type-variable"},"acf":[],"yoast_head":"<!-- This site is optimized with the Yoast SEO plugin v27.0 - https:\/\/yoast.com\/product\/yoast-seo-wordpress\/ -->\n<title>C4 - 204 g - Fuel X Gainz<\/title>\n<meta name=\"robots\" content=\"index, follow, max-snippet:-1, max-image-preview:large, max-video-preview:-1\" \/>\n<link rel=\"canonical\" href=\"https:\/\/fuelxgainz.store\/en\/product\/c4-204-g\/\" \/>\n<meta property=\"og:locale\" content=\"en_US\" \/>\n<meta property=\"og:type\" content=\"article\" \/>\n<meta property=\"og:title\" content=\"C4 - 204 g - Fuel X Gainz\" \/>\n<meta property=\"og:description\" content=\"Cellucor C4 Original oferece energia explosiva, foco apurado e um desejo avassalador para cada treino. Milh\u00f5es confiam nesta f\u00f3rmula cl\u00e1ssica para energia avan\u00e7ada, resist\u00eancia e vasodilata\u00e7\u00e3o. Cont\u00e9m CarnoSyn\u00ae Beta Alanina, que apoia clinicamente a resist\u00eancia muscular. Desbloqueie todo o seu potencial e transforme ambi\u00e7\u00f5es em conquistas.\" \/>\n<meta property=\"og:url\" content=\"https:\/\/fuelxgainz.store\/en\/product\/c4-204-g\/\" \/>\n<meta property=\"og:site_name\" content=\"Fuel X Gainz\" \/>\n<meta property=\"article:modified_time\" content=\"2025-06-05T15:41:49+00:00\" \/>\n<meta property=\"og:image\" content=\"https:\/\/fuelxgainz.store\/wp-content\/uploads\/2025\/06\/Frame-88.png\" \/>\n\t<meta property=\"og:image:width\" content=\"600\" \/>\n\t<meta property=\"og:image:height\" content=\"471\" \/>\n\t<meta property=\"og:image:type\" content=\"image\/png\" \/>\n<meta name=\"twitter:card\" content=\"summary_large_image\" \/>\n<meta name=\"twitter:label1\" content=\"Est. reading time\" \/>\n\t<meta name=\"twitter:data1\" content=\"2 minutes\" \/>\n<script type=\"application\/ld+json\" class=\"yoast-schema-graph\">{\"@context\":\"https:\/\/schema.org\",\"@graph\":[{\"@type\":\"WebPage\",\"@id\":\"https:\/\/fuelxgainz.store\/produto\/c4-204-g\/\",\"url\":\"https:\/\/fuelxgainz.store\/produto\/c4-204-g\/\",\"name\":\"C4 - 204 g - Fuel X Gainz\",\"isPartOf\":{\"@id\":\"https:\/\/fuelxgainz.store\/#website\"},\"primaryImageOfPage\":{\"@id\":\"https:\/\/fuelxgainz.store\/produto\/c4-204-g\/#primaryimage\"},\"image\":{\"@id\":\"https:\/\/fuelxgainz.store\/produto\/c4-204-g\/#primaryimage\"},\"thumbnailUrl\":\"https:\/\/fuelxgainz.store\/wp-content\/uploads\/2025\/06\/Frame-88.png\",\"datePublished\":\"2025-06-05T07:01:35+00:00\",\"dateModified\":\"2025-06-05T15:41:49+00:00\",\"breadcrumb\":{\"@id\":\"https:\/\/fuelxgainz.store\/produto\/c4-204-g\/#breadcrumb\"},\"inLanguage\":\"en-US\",\"potentialAction\":[{\"@type\":\"ReadAction\",\"target\":[\"https:\/\/fuelxgainz.store\/produto\/c4-204-g\/\"]}]},{\"@type\":\"ImageObject\",\"inLanguage\":\"en-US\",\"@id\":\"https:\/\/fuelxgainz.store\/produto\/c4-204-g\/#primaryimage\",\"url\":\"https:\/\/fuelxgainz.store\/wp-content\/uploads\/2025\/06\/Frame-88.png\",\"contentUrl\":\"https:\/\/fuelxgainz.store\/wp-content\/uploads\/2025\/06\/Frame-88.png\",\"width\":600,\"height\":471},{\"@type\":\"BreadcrumbList\",\"@id\":\"https:\/\/fuelxgainz.store\/produto\/c4-204-g\/#breadcrumb\",\"itemListElement\":[{\"@type\":\"ListItem\",\"position\":1,\"name\":\"Home\",\"item\":\"https:\/\/fuelxgainz.store\/\"},{\"@type\":\"ListItem\",\"position\":2,\"name\":\"Produtos\",\"item\":\"https:\/\/fuelxgainz.store\/produtos\/\"},{\"@type\":\"ListItem\",\"position\":3,\"name\":\"C4 &#8211; 204 g\"}]},{\"@type\":\"WebSite\",\"@id\":\"https:\/\/fuelxgainz.store\/#website\",\"url\":\"https:\/\/fuelxgainz.store\/\",\"name\":\"Fuel X Gainz\",\"description\":\"\",\"potentialAction\":[{\"@type\":\"SearchAction\",\"target\":{\"@type\":\"EntryPoint\",\"urlTemplate\":\"https:\/\/fuelxgainz.store\/?s={search_term_string}\"},\"query-input\":{\"@type\":\"PropertyValueSpecification\",\"valueRequired\":true,\"valueName\":\"search_term_string\"}}],\"inLanguage\":\"en-US\"}]}<\/script>\n<!-- \/ Yoast SEO plugin. -->","yoast_head_json":{"title":"C4 - 204 g - Fuel X Gainz","robots":{"index":"index","follow":"follow","max-snippet":"max-snippet:-1","max-image-preview":"max-image-preview:large","max-video-preview":"max-video-preview:-1"},"canonical":"https:\/\/fuelxgainz.store\/en\/product\/c4-204-g\/","og_locale":"en_US","og_type":"article","og_title":"C4 - 204 g - Fuel X Gainz","og_description":"Cellucor C4 Original oferece energia explosiva, foco apurado e um desejo avassalador para cada treino. Milh\u00f5es confiam nesta f\u00f3rmula cl\u00e1ssica para energia avan\u00e7ada, resist\u00eancia e vasodilata\u00e7\u00e3o. Cont\u00e9m CarnoSyn\u00ae Beta Alanina, que apoia clinicamente a resist\u00eancia muscular. Desbloqueie todo o seu potencial e transforme ambi\u00e7\u00f5es em conquistas.","og_url":"https:\/\/fuelxgainz.store\/en\/product\/c4-204-g\/","og_site_name":"Fuel X Gainz","article_modified_time":"2025-06-05T15:41:49+00:00","og_image":[{"width":600,"height":471,"url":"https:\/\/fuelxgainz.store\/wp-content\/uploads\/2025\/06\/Frame-88.png","type":"image\/png"}],"twitter_card":"summary_large_image","twitter_misc":{"Est. reading time":"2 minutes"},"schema":{"@context":"https:\/\/schema.org","@graph":[{"@type":"WebPage","@id":"https:\/\/fuelxgainz.store\/produto\/c4-204-g\/","url":"https:\/\/fuelxgainz.store\/produto\/c4-204-g\/","name":"C4 - 204 g - Fuel X Gainz","isPartOf":{"@id":"https:\/\/fuelxgainz.store\/#website"},"primaryImageOfPage":{"@id":"https:\/\/fuelxgainz.store\/produto\/c4-204-g\/#primaryimage"},"image":{"@id":"https:\/\/fuelxgainz.store\/produto\/c4-204-g\/#primaryimage"},"thumbnailUrl":"https:\/\/fuelxgainz.store\/wp-content\/uploads\/2025\/06\/Frame-88.png","datePublished":"2025-06-05T07:01:35+00:00","dateModified":"2025-06-05T15:41:49+00:00","breadcrumb":{"@id":"https:\/\/fuelxgainz.store\/produto\/c4-204-g\/#breadcrumb"},"inLanguage":"en-US","potentialAction":[{"@type":"ReadAction","target":["https:\/\/fuelxgainz.store\/produto\/c4-204-g\/"]}]},{"@type":"ImageObject","inLanguage":"en-US","@id":"https:\/\/fuelxgainz.store\/produto\/c4-204-g\/#primaryimage","url":"https:\/\/fuelxgainz.store\/wp-content\/uploads\/2025\/06\/Frame-88.png","contentUrl":"https:\/\/fuelxgainz.store\/wp-content\/uploads\/2025\/06\/Frame-88.png","width":600,"height":471},{"@type":"BreadcrumbList","@id":"https:\/\/fuelxgainz.store\/produto\/c4-204-g\/#breadcrumb","itemListElement":[{"@type":"ListItem","position":1,"name":"Home","item":"https:\/\/fuelxgainz.store\/"},{"@type":"ListItem","position":2,"name":"Produtos","item":"https:\/\/fuelxgainz.store\/produtos\/"},{"@type":"ListItem","position":3,"name":"C4 &#8211; 204 g"}]},{"@type":"WebSite","@id":"https:\/\/fuelxgainz.store\/#website","url":"https:\/\/fuelxgainz.store\/","name":"Fuel X Gainz","description":"","potentialAction":[{"@type":"SearchAction","target":{"@type":"EntryPoint","urlTemplate":"https:\/\/fuelxgainz.store\/?s={search_term_string}"},"query-input":{"@type":"PropertyValueSpecification","valueRequired":true,"valueName":"search_term_string"}}],"inLanguage":"en-US"}]}},"jetpack_sharing_enabled":true,"_links":{"self":[{"href":"https:\/\/fuelxgainz.store\/en\/wp-json\/wp\/v2\/product\/557","targetHints":{"allow":["GET"]}}],"collection":[{"href":"https:\/\/fuelxgainz.store\/en\/wp-json\/wp\/v2\/product"}],"about":[{"href":"https:\/\/fuelxgainz.store\/en\/wp-json\/wp\/v2\/types\/product"}],"replies":[{"embeddable":true,"href":"https:\/\/fuelxgainz.store\/en\/wp-json\/wp\/v2\/comments?post=557"}],"wp:featuredmedia":[{"embeddable":true,"href":"https:\/\/fuelxgainz.store\/en\/wp-json\/wp\/v2\/media\/558"}],"wp:attachment":[{"href":"https:\/\/fuelxgainz.store\/en\/wp-json\/wp\/v2\/media?parent=557"}],"wp:term":[{"taxonomy":"product_brand","embeddable":true,"href":"https:\/\/fuelxgainz.store\/en\/wp-json\/wp\/v2\/product_brand?post=557"},{"taxonomy":"product_cat","embeddable":true,"href":"https:\/\/fuelxgainz.store\/en\/wp-json\/wp\/v2\/product_cat?post=557"},{"taxonomy":"product_tag","embeddable":true,"href":"https:\/\/fuelxgainz.store\/en\/wp-json\/wp\/v2\/product_tag?post=557"}],"curies":[{"name":"wp","href":"https:\/\/api.w.org\/{rel}","templated":true}]}}