{"id":485,"date":"2025-06-04T12:57:59","date_gmt":"2025-06-04T12:57:59","guid":{"rendered":"https:\/\/fuelxgainz.store\/?post_type=product&#038;p=485"},"modified":"2025-06-04T15:22:36","modified_gmt":"2025-06-04T15:22:36","slug":"creatina-317-g","status":"publish","type":"product","link":"https:\/\/fuelxgainz.store\/en\/product\/creatina-317-g\/","title":{"rendered":"Creatina &#8211; 317 g"},"content":{"rendered":"<p class=\"ng-star-inserted\"><span class=\"ng-star-inserted\">Optimum Nutrition Micronized Creatine powder supports muscle strength, power, explosive movements, muscle recovery, and helps support ATP recycling, with 5g of creatine monohydrate per serving.<\/span><\/p>\n<p class=\"ng-star-inserted\"><span class=\"ng-star-inserted\">Designed for daily use by those with serious training and competition goals and micronized for easy mixing, it integrates perfectly into your routine\u2014making it easy and convenient to create a personalized supplement stack that can help you achieve every goal.<\/span><\/p>\n<p class=\"ng-star-inserted\"><span class=\"ng-star-inserted\">Our unflavored micronized creatine powder can be mixed into your daily Gold Standard 100% Whey protein shake without affecting the flavor you love, or used separately at any point in your routine. Our Blueberry Lemonade flavor can be used separately from your protein shake, before or after your workout.<\/span><\/p>\n<p>&nbsp;<\/p>\n<h3 class=\"ng-star-inserted\"><span class=\"ng-star-inserted\">Benefits:<\/span><\/h3>\n<ul>\n<li class=\"ng-star-inserted\"><span class=\"ng-star-inserted\">5g of micronized creatine per serving<\/span><\/li>\n<li class=\"ng-star-inserted\"><span class=\"ng-star-inserted\">Supports muscle recovery, performance, strength, and power<\/span><\/li>\n<li class=\"ng-star-inserted\"><span class=\"ng-star-inserted\">Micronized for easy mixing<\/span><\/li>\n<li class=\"ng-star-inserted\"><span class=\"ng-star-inserted\">Seamlessly integrates into your performance supplement stack<\/span><\/li>\n<li class=\"ng-star-inserted\"><span class=\"ng-star-inserted\">Unflavored can be mixed with your usual protein shake or used separately<\/span><\/li>\n<li class=\"ng-star-inserted\"><span class=\"ng-star-inserted\">Excellent Blueberry Lemonade flavor option (to be used separately from protein)<\/span><\/li>\n<li class=\"ng-star-inserted\"><span class=\"ng-star-inserted\">Tested for banned substances<\/span><\/li>\n<\/ul>\n<p>&nbsp;<\/p>\n<p>&nbsp;<\/p>\n<h3 class=\"ng-star-inserted\"><span class=\"ng-star-inserted\">Suggested Use:<\/span><\/h3>\n<p class=\"ng-star-inserted\"><span class=\"ng-star-inserted\">Add 1 heaping teaspoon of Micronized Creatine Powder to a protein shake or a glass of your favorite beverage. Then stir with a spoon. TIP: Boost protein shakes and meal replacements with 1 heaping teaspoon of Micronized Creatine Powder.<\/span><\/p>\n<p class=\"ng-star-inserted\"><span class=\"ng-star-inserted\">Intended for healthy adults as part of a healthy, balanced diet and exercise program.<\/span><\/p>","protected":false},"excerpt":{"rendered":"<p>Optimum Nutrition Micronized Creatine powder provides 5g of creatine monohydrate per serving to boost muscle strength, power, and recovery. Thanks to its micronization, it mixes easily into any drink or your protein shake, seamlessly fitting into your training routine. Ideal for athletes with serious goals, it supports explosive movements and ATP recycling, helping to maximize performance. This product is also tested for banned substances, ensuring your confidence.<\/p>","protected":false},"featured_media":488,"comment_status":"open","ping_status":"closed","template":"","meta":{"_acf_changed":false},"product_brand":[40],"product_cat":[36],"product_tag":[],"class_list":{"0":"post-485","1":"product","2":"type-product","3":"status-publish","4":"has-post-thumbnail","6":"product_brand-optimum-nutrition","7":"product_cat-creatina","9":"first","10":"instock","11":"sale","12":"shipping-taxable","13":"purchasable","14":"product-type-variable"},"acf":[],"yoast_head":"<!-- This site is optimized with the Yoast SEO plugin v27.0 - https:\/\/yoast.com\/product\/yoast-seo-wordpress\/ -->\n<title>Creatina - 317 g - Fuel X Gainz<\/title>\n<meta name=\"robots\" content=\"index, follow, max-snippet:-1, max-image-preview:large, max-video-preview:-1\" \/>\n<link rel=\"canonical\" href=\"https:\/\/fuelxgainz.store\/en\/product\/creatina-317-g\/\" \/>\n<meta property=\"og:locale\" content=\"en_US\" \/>\n<meta property=\"og:type\" content=\"article\" \/>\n<meta property=\"og:title\" content=\"Creatina - 317 g - Fuel X Gainz\" \/>\n<meta property=\"og:description\" content=\"Optimum Nutrition Micronized Creatine em p\u00f3 fornece 5g de monohidrato de creatina por dose para potenciar a for\u00e7a muscular, pot\u00eancia e recupera\u00e7\u00e3o. Gra\u00e7as \u00e0 sua microniza\u00e7\u00e3o, mistura-se facilmente em qualquer bebida ou no seu batido de prote\u00edna, integrando-se perfeitamente na sua rotina de treino. Ideal para atletas com objetivos s\u00e9rios, apoia movimentos explosivos e a reciclagem de ATP, ajudando a maximizar o desempenho. Este produto \u00e9 tamb\u00e9m testado para subst\u00e2ncias proibidas, garantindo a sua confian\u00e7a.\" \/>\n<meta property=\"og:url\" content=\"https:\/\/fuelxgainz.store\/en\/product\/creatina-317-g\/\" \/>\n<meta property=\"og:site_name\" content=\"Fuel X Gainz\" \/>\n<meta property=\"article:modified_time\" content=\"2025-06-04T15:22:36+00:00\" \/>\n<meta property=\"og:image\" content=\"https:\/\/fuelxgainz.store\/wp-content\/uploads\/2025\/06\/Frame-73.png\" \/>\n\t<meta property=\"og:image:width\" content=\"600\" \/>\n\t<meta property=\"og:image:height\" content=\"471\" \/>\n\t<meta property=\"og:image:type\" content=\"image\/png\" \/>\n<meta name=\"twitter:card\" content=\"summary_large_image\" \/>\n<meta name=\"twitter:label1\" content=\"Est. reading time\" \/>\n\t<meta name=\"twitter:data1\" content=\"2 minutes\" \/>\n<script type=\"application\/ld+json\" class=\"yoast-schema-graph\">{\"@context\":\"https:\/\/schema.org\",\"@graph\":[{\"@type\":\"WebPage\",\"@id\":\"https:\/\/fuelxgainz.store\/produto\/creatina-317-g\/\",\"url\":\"https:\/\/fuelxgainz.store\/produto\/creatina-317-g\/\",\"name\":\"Creatina - 317 g - Fuel X Gainz\",\"isPartOf\":{\"@id\":\"https:\/\/fuelxgainz.store\/#website\"},\"primaryImageOfPage\":{\"@id\":\"https:\/\/fuelxgainz.store\/produto\/creatina-317-g\/#primaryimage\"},\"image\":{\"@id\":\"https:\/\/fuelxgainz.store\/produto\/creatina-317-g\/#primaryimage\"},\"thumbnailUrl\":\"https:\/\/fuelxgainz.store\/wp-content\/uploads\/2025\/06\/Frame-73.png\",\"datePublished\":\"2025-06-04T12:57:59+00:00\",\"dateModified\":\"2025-06-04T15:22:36+00:00\",\"breadcrumb\":{\"@id\":\"https:\/\/fuelxgainz.store\/produto\/creatina-317-g\/#breadcrumb\"},\"inLanguage\":\"en-US\",\"potentialAction\":[{\"@type\":\"ReadAction\",\"target\":[\"https:\/\/fuelxgainz.store\/produto\/creatina-317-g\/\"]}]},{\"@type\":\"ImageObject\",\"inLanguage\":\"en-US\",\"@id\":\"https:\/\/fuelxgainz.store\/produto\/creatina-317-g\/#primaryimage\",\"url\":\"https:\/\/fuelxgainz.store\/wp-content\/uploads\/2025\/06\/Frame-73.png\",\"contentUrl\":\"https:\/\/fuelxgainz.store\/wp-content\/uploads\/2025\/06\/Frame-73.png\",\"width\":600,\"height\":471},{\"@type\":\"BreadcrumbList\",\"@id\":\"https:\/\/fuelxgainz.store\/produto\/creatina-317-g\/#breadcrumb\",\"itemListElement\":[{\"@type\":\"ListItem\",\"position\":1,\"name\":\"Home\",\"item\":\"https:\/\/fuelxgainz.store\/\"},{\"@type\":\"ListItem\",\"position\":2,\"name\":\"Produtos\",\"item\":\"https:\/\/fuelxgainz.store\/produtos\/\"},{\"@type\":\"ListItem\",\"position\":3,\"name\":\"Creatina &#8211; 317 g\"}]},{\"@type\":\"WebSite\",\"@id\":\"https:\/\/fuelxgainz.store\/#website\",\"url\":\"https:\/\/fuelxgainz.store\/\",\"name\":\"Fuel X Gainz\",\"description\":\"\",\"potentialAction\":[{\"@type\":\"SearchAction\",\"target\":{\"@type\":\"EntryPoint\",\"urlTemplate\":\"https:\/\/fuelxgainz.store\/?s={search_term_string}\"},\"query-input\":{\"@type\":\"PropertyValueSpecification\",\"valueRequired\":true,\"valueName\":\"search_term_string\"}}],\"inLanguage\":\"en-US\"}]}<\/script>\n<!-- \/ Yoast SEO plugin. -->","yoast_head_json":{"title":"Creatina - 317 g - Fuel X Gainz","robots":{"index":"index","follow":"follow","max-snippet":"max-snippet:-1","max-image-preview":"max-image-preview:large","max-video-preview":"max-video-preview:-1"},"canonical":"https:\/\/fuelxgainz.store\/en\/product\/creatina-317-g\/","og_locale":"en_US","og_type":"article","og_title":"Creatina - 317 g - Fuel X Gainz","og_description":"Optimum Nutrition Micronized Creatine em p\u00f3 fornece 5g de monohidrato de creatina por dose para potenciar a for\u00e7a muscular, pot\u00eancia e recupera\u00e7\u00e3o. Gra\u00e7as \u00e0 sua microniza\u00e7\u00e3o, mistura-se facilmente em qualquer bebida ou no seu batido de prote\u00edna, integrando-se perfeitamente na sua rotina de treino. Ideal para atletas com objetivos s\u00e9rios, apoia movimentos explosivos e a reciclagem de ATP, ajudando a maximizar o desempenho. Este produto \u00e9 tamb\u00e9m testado para subst\u00e2ncias proibidas, garantindo a sua confian\u00e7a.","og_url":"https:\/\/fuelxgainz.store\/en\/product\/creatina-317-g\/","og_site_name":"Fuel X Gainz","article_modified_time":"2025-06-04T15:22:36+00:00","og_image":[{"width":600,"height":471,"url":"https:\/\/fuelxgainz.store\/wp-content\/uploads\/2025\/06\/Frame-73.png","type":"image\/png"}],"twitter_card":"summary_large_image","twitter_misc":{"Est. reading time":"2 minutes"},"schema":{"@context":"https:\/\/schema.org","@graph":[{"@type":"WebPage","@id":"https:\/\/fuelxgainz.store\/produto\/creatina-317-g\/","url":"https:\/\/fuelxgainz.store\/produto\/creatina-317-g\/","name":"Creatina - 317 g - Fuel X Gainz","isPartOf":{"@id":"https:\/\/fuelxgainz.store\/#website"},"primaryImageOfPage":{"@id":"https:\/\/fuelxgainz.store\/produto\/creatina-317-g\/#primaryimage"},"image":{"@id":"https:\/\/fuelxgainz.store\/produto\/creatina-317-g\/#primaryimage"},"thumbnailUrl":"https:\/\/fuelxgainz.store\/wp-content\/uploads\/2025\/06\/Frame-73.png","datePublished":"2025-06-04T12:57:59+00:00","dateModified":"2025-06-04T15:22:36+00:00","breadcrumb":{"@id":"https:\/\/fuelxgainz.store\/produto\/creatina-317-g\/#breadcrumb"},"inLanguage":"en-US","potentialAction":[{"@type":"ReadAction","target":["https:\/\/fuelxgainz.store\/produto\/creatina-317-g\/"]}]},{"@type":"ImageObject","inLanguage":"en-US","@id":"https:\/\/fuelxgainz.store\/produto\/creatina-317-g\/#primaryimage","url":"https:\/\/fuelxgainz.store\/wp-content\/uploads\/2025\/06\/Frame-73.png","contentUrl":"https:\/\/fuelxgainz.store\/wp-content\/uploads\/2025\/06\/Frame-73.png","width":600,"height":471},{"@type":"BreadcrumbList","@id":"https:\/\/fuelxgainz.store\/produto\/creatina-317-g\/#breadcrumb","itemListElement":[{"@type":"ListItem","position":1,"name":"Home","item":"https:\/\/fuelxgainz.store\/"},{"@type":"ListItem","position":2,"name":"Produtos","item":"https:\/\/fuelxgainz.store\/produtos\/"},{"@type":"ListItem","position":3,"name":"Creatina &#8211; 317 g"}]},{"@type":"WebSite","@id":"https:\/\/fuelxgainz.store\/#website","url":"https:\/\/fuelxgainz.store\/","name":"Fuel X Gainz","description":"","potentialAction":[{"@type":"SearchAction","target":{"@type":"EntryPoint","urlTemplate":"https:\/\/fuelxgainz.store\/?s={search_term_string}"},"query-input":{"@type":"PropertyValueSpecification","valueRequired":true,"valueName":"search_term_string"}}],"inLanguage":"en-US"}]}},"jetpack_sharing_enabled":true,"_links":{"self":[{"href":"https:\/\/fuelxgainz.store\/en\/wp-json\/wp\/v2\/product\/485","targetHints":{"allow":["GET"]}}],"collection":[{"href":"https:\/\/fuelxgainz.store\/en\/wp-json\/wp\/v2\/product"}],"about":[{"href":"https:\/\/fuelxgainz.store\/en\/wp-json\/wp\/v2\/types\/product"}],"replies":[{"embeddable":true,"href":"https:\/\/fuelxgainz.store\/en\/wp-json\/wp\/v2\/comments?post=485"}],"wp:featuredmedia":[{"embeddable":true,"href":"https:\/\/fuelxgainz.store\/en\/wp-json\/wp\/v2\/media\/488"}],"wp:attachment":[{"href":"https:\/\/fuelxgainz.store\/en\/wp-json\/wp\/v2\/media?parent=485"}],"wp:term":[{"taxonomy":"product_brand","embeddable":true,"href":"https:\/\/fuelxgainz.store\/en\/wp-json\/wp\/v2\/product_brand?post=485"},{"taxonomy":"product_cat","embeddable":true,"href":"https:\/\/fuelxgainz.store\/en\/wp-json\/wp\/v2\/product_cat?post=485"},{"taxonomy":"product_tag","embeddable":true,"href":"https:\/\/fuelxgainz.store\/en\/wp-json\/wp\/v2\/product_tag?post=485"}],"curies":[{"name":"wp","href":"https:\/\/api.w.org\/{rel}","templated":true}]}}