{"id":480,"date":"2025-06-04T12:42:52","date_gmt":"2025-06-04T12:42:52","guid":{"rendered":"https:\/\/fuelxgainz.store\/?post_type=product&#038;p=480"},"modified":"2025-06-04T12:42:52","modified_gmt":"2025-06-04T12:42:52","slug":"gold-creatine-300-g","status":"publish","type":"product","link":"https:\/\/fuelxgainz.store\/en\/product\/gold-creatine-300-g\/","title":{"rendered":"Gold creatine &#8211; 300 g"},"content":{"rendered":"<p class=\"ng-star-inserted\"><span class=\"ng-star-inserted\">Creatine dietary supplement recommended for adults who perform high-intensity exercise. Creatine enhances physical performance in successive short bursts of high-intensity exercise, with the beneficial effect obtained from a daily intake of 3g of creatine. Vitamin B6 contributes to the normal functioning of the immune system and also to the reduction of tiredness and fatigue.<\/span><\/p>\n<p class=\"ng-star-inserted\"><span class=\"ng-star-inserted\">Ingredients: Creatine monohydrate, vitamin B6 (pyridoxine hydrochloride).<\/span><\/p>\n<p class=\"ng-star-inserted\"><span class=\"ng-star-inserted\">Warnings: Do not use if allergic to any of the product\u2019s components. Do not exceed the recommended daily dose. Weight gain may be observed after supplement consumption. Dietary supplements should not be used as substitutes for a varied diet. A varied and balanced diet and a healthy lifestyle are recommended. Do not use during pregnancy or breastfeeding. Keep out of reach of young children.<\/span><\/p>","protected":false},"excerpt":{"rendered":"<p>LEVRONE GOLD CREATINE is the ideal supplement for adults who engage in high-intensity exercise, combining creatine and vitamin B6. Creatine significantly increases physical performance during short bursts of high-intensity effort, boosting your workouts. Vitamin B6 also contributes to the normal functioning of the immune system and helps reduce tiredness and fatigue. It is the perfect support to optimize your performance and achieve your goals.<\/p>","protected":false},"featured_media":482,"comment_status":"open","ping_status":"closed","template":"","meta":{"_acf_changed":false},"product_brand":[30],"product_cat":[36],"product_tag":[],"class_list":{"0":"post-480","1":"product","2":"type-product","3":"status-publish","4":"has-post-thumbnail","6":"product_brand-kevin-levrone","7":"product_cat-creatina","9":"first","10":"instock","11":"sale","12":"shipping-taxable","13":"purchasable","14":"product-type-simple"},"acf":[],"yoast_head":"<!-- This site is optimized with the Yoast SEO plugin v27.0 - https:\/\/yoast.com\/product\/yoast-seo-wordpress\/ -->\n<title>Gold creatine - 300 g - Fuel X Gainz<\/title>\n<meta name=\"robots\" content=\"index, follow, max-snippet:-1, max-image-preview:large, max-video-preview:-1\" \/>\n<link rel=\"canonical\" href=\"https:\/\/fuelxgainz.store\/en\/product\/gold-creatine-300-g\/\" \/>\n<meta property=\"og:locale\" content=\"en_US\" \/>\n<meta property=\"og:type\" content=\"article\" \/>\n<meta property=\"og:title\" content=\"Gold creatine - 300 g - Fuel X Gainz\" \/>\n<meta property=\"og:description\" content=\"LEVRONE GOLD CREATINE \u00e9 o suplemento ideal para adultos que praticam exerc\u00edcios de alta intensidade, combinando creatina e vitamina B6. A creatina aumenta significativamente o desempenho f\u00edsico em esfor\u00e7os de curta dura\u00e7\u00e3o e alta intensidade, impulsionando seus treinos. A vitamina B6 contribui ainda para o normal funcionamento do sistema imunit\u00e1rio e para a redu\u00e7\u00e3o do cansa\u00e7o e da fadiga. \u00c9 o suporte perfeito para otimizar sua performance e alcan\u00e7ar seus objetivos.\" \/>\n<meta property=\"og:url\" content=\"https:\/\/fuelxgainz.store\/en\/product\/gold-creatine-300-g\/\" \/>\n<meta property=\"og:site_name\" content=\"Fuel X Gainz\" \/>\n<meta property=\"og:image\" content=\"https:\/\/fuelxgainz.store\/wp-content\/uploads\/2025\/06\/Frame-72.png\" \/>\n\t<meta property=\"og:image:width\" content=\"600\" \/>\n\t<meta property=\"og:image:height\" content=\"471\" \/>\n\t<meta property=\"og:image:type\" content=\"image\/png\" \/>\n<meta name=\"twitter:card\" content=\"summary_large_image\" \/>\n<meta name=\"twitter:label1\" content=\"Est. reading time\" \/>\n\t<meta name=\"twitter:data1\" content=\"1 minute\" \/>\n<script type=\"application\/ld+json\" class=\"yoast-schema-graph\">{\"@context\":\"https:\/\/schema.org\",\"@graph\":[{\"@type\":\"WebPage\",\"@id\":\"https:\/\/fuelxgainz.store\/produto\/gold-creatine-300-g\/\",\"url\":\"https:\/\/fuelxgainz.store\/produto\/gold-creatine-300-g\/\",\"name\":\"Gold creatine - 300 g - Fuel X Gainz\",\"isPartOf\":{\"@id\":\"https:\/\/fuelxgainz.store\/#website\"},\"primaryImageOfPage\":{\"@id\":\"https:\/\/fuelxgainz.store\/produto\/gold-creatine-300-g\/#primaryimage\"},\"image\":{\"@id\":\"https:\/\/fuelxgainz.store\/produto\/gold-creatine-300-g\/#primaryimage\"},\"thumbnailUrl\":\"https:\/\/fuelxgainz.store\/wp-content\/uploads\/2025\/06\/Frame-72.png\",\"datePublished\":\"2025-06-04T12:42:52+00:00\",\"breadcrumb\":{\"@id\":\"https:\/\/fuelxgainz.store\/produto\/gold-creatine-300-g\/#breadcrumb\"},\"inLanguage\":\"en-US\",\"potentialAction\":[{\"@type\":\"ReadAction\",\"target\":[\"https:\/\/fuelxgainz.store\/produto\/gold-creatine-300-g\/\"]}]},{\"@type\":\"ImageObject\",\"inLanguage\":\"en-US\",\"@id\":\"https:\/\/fuelxgainz.store\/produto\/gold-creatine-300-g\/#primaryimage\",\"url\":\"https:\/\/fuelxgainz.store\/wp-content\/uploads\/2025\/06\/Frame-72.png\",\"contentUrl\":\"https:\/\/fuelxgainz.store\/wp-content\/uploads\/2025\/06\/Frame-72.png\",\"width\":600,\"height\":471},{\"@type\":\"BreadcrumbList\",\"@id\":\"https:\/\/fuelxgainz.store\/produto\/gold-creatine-300-g\/#breadcrumb\",\"itemListElement\":[{\"@type\":\"ListItem\",\"position\":1,\"name\":\"Home\",\"item\":\"https:\/\/fuelxgainz.store\/\"},{\"@type\":\"ListItem\",\"position\":2,\"name\":\"Produtos\",\"item\":\"https:\/\/fuelxgainz.store\/produtos\/\"},{\"@type\":\"ListItem\",\"position\":3,\"name\":\"Gold creatine &#8211; 300 g\"}]},{\"@type\":\"WebSite\",\"@id\":\"https:\/\/fuelxgainz.store\/#website\",\"url\":\"https:\/\/fuelxgainz.store\/\",\"name\":\"Fuel X Gainz\",\"description\":\"\",\"potentialAction\":[{\"@type\":\"SearchAction\",\"target\":{\"@type\":\"EntryPoint\",\"urlTemplate\":\"https:\/\/fuelxgainz.store\/?s={search_term_string}\"},\"query-input\":{\"@type\":\"PropertyValueSpecification\",\"valueRequired\":true,\"valueName\":\"search_term_string\"}}],\"inLanguage\":\"en-US\"}]}<\/script>\n<!-- \/ Yoast SEO plugin. -->","yoast_head_json":{"title":"Gold creatine - 300 g - Fuel X Gainz","robots":{"index":"index","follow":"follow","max-snippet":"max-snippet:-1","max-image-preview":"max-image-preview:large","max-video-preview":"max-video-preview:-1"},"canonical":"https:\/\/fuelxgainz.store\/en\/product\/gold-creatine-300-g\/","og_locale":"en_US","og_type":"article","og_title":"Gold creatine - 300 g - Fuel X Gainz","og_description":"LEVRONE GOLD CREATINE \u00e9 o suplemento ideal para adultos que praticam exerc\u00edcios de alta intensidade, combinando creatina e vitamina B6. A creatina aumenta significativamente o desempenho f\u00edsico em esfor\u00e7os de curta dura\u00e7\u00e3o e alta intensidade, impulsionando seus treinos. A vitamina B6 contribui ainda para o normal funcionamento do sistema imunit\u00e1rio e para a redu\u00e7\u00e3o do cansa\u00e7o e da fadiga. \u00c9 o suporte perfeito para otimizar sua performance e alcan\u00e7ar seus objetivos.","og_url":"https:\/\/fuelxgainz.store\/en\/product\/gold-creatine-300-g\/","og_site_name":"Fuel X Gainz","og_image":[{"width":600,"height":471,"url":"https:\/\/fuelxgainz.store\/wp-content\/uploads\/2025\/06\/Frame-72.png","type":"image\/png"}],"twitter_card":"summary_large_image","twitter_misc":{"Est. reading time":"1 minute"},"schema":{"@context":"https:\/\/schema.org","@graph":[{"@type":"WebPage","@id":"https:\/\/fuelxgainz.store\/produto\/gold-creatine-300-g\/","url":"https:\/\/fuelxgainz.store\/produto\/gold-creatine-300-g\/","name":"Gold creatine - 300 g - Fuel X Gainz","isPartOf":{"@id":"https:\/\/fuelxgainz.store\/#website"},"primaryImageOfPage":{"@id":"https:\/\/fuelxgainz.store\/produto\/gold-creatine-300-g\/#primaryimage"},"image":{"@id":"https:\/\/fuelxgainz.store\/produto\/gold-creatine-300-g\/#primaryimage"},"thumbnailUrl":"https:\/\/fuelxgainz.store\/wp-content\/uploads\/2025\/06\/Frame-72.png","datePublished":"2025-06-04T12:42:52+00:00","breadcrumb":{"@id":"https:\/\/fuelxgainz.store\/produto\/gold-creatine-300-g\/#breadcrumb"},"inLanguage":"en-US","potentialAction":[{"@type":"ReadAction","target":["https:\/\/fuelxgainz.store\/produto\/gold-creatine-300-g\/"]}]},{"@type":"ImageObject","inLanguage":"en-US","@id":"https:\/\/fuelxgainz.store\/produto\/gold-creatine-300-g\/#primaryimage","url":"https:\/\/fuelxgainz.store\/wp-content\/uploads\/2025\/06\/Frame-72.png","contentUrl":"https:\/\/fuelxgainz.store\/wp-content\/uploads\/2025\/06\/Frame-72.png","width":600,"height":471},{"@type":"BreadcrumbList","@id":"https:\/\/fuelxgainz.store\/produto\/gold-creatine-300-g\/#breadcrumb","itemListElement":[{"@type":"ListItem","position":1,"name":"Home","item":"https:\/\/fuelxgainz.store\/"},{"@type":"ListItem","position":2,"name":"Produtos","item":"https:\/\/fuelxgainz.store\/produtos\/"},{"@type":"ListItem","position":3,"name":"Gold creatine &#8211; 300 g"}]},{"@type":"WebSite","@id":"https:\/\/fuelxgainz.store\/#website","url":"https:\/\/fuelxgainz.store\/","name":"Fuel X Gainz","description":"","potentialAction":[{"@type":"SearchAction","target":{"@type":"EntryPoint","urlTemplate":"https:\/\/fuelxgainz.store\/?s={search_term_string}"},"query-input":{"@type":"PropertyValueSpecification","valueRequired":true,"valueName":"search_term_string"}}],"inLanguage":"en-US"}]}},"jetpack_sharing_enabled":true,"_links":{"self":[{"href":"https:\/\/fuelxgainz.store\/en\/wp-json\/wp\/v2\/product\/480","targetHints":{"allow":["GET"]}}],"collection":[{"href":"https:\/\/fuelxgainz.store\/en\/wp-json\/wp\/v2\/product"}],"about":[{"href":"https:\/\/fuelxgainz.store\/en\/wp-json\/wp\/v2\/types\/product"}],"replies":[{"embeddable":true,"href":"https:\/\/fuelxgainz.store\/en\/wp-json\/wp\/v2\/comments?post=480"}],"wp:featuredmedia":[{"embeddable":true,"href":"https:\/\/fuelxgainz.store\/en\/wp-json\/wp\/v2\/media\/482"}],"wp:attachment":[{"href":"https:\/\/fuelxgainz.store\/en\/wp-json\/wp\/v2\/media?parent=480"}],"wp:term":[{"taxonomy":"product_brand","embeddable":true,"href":"https:\/\/fuelxgainz.store\/en\/wp-json\/wp\/v2\/product_brand?post=480"},{"taxonomy":"product_cat","embeddable":true,"href":"https:\/\/fuelxgainz.store\/en\/wp-json\/wp\/v2\/product_cat?post=480"},{"taxonomy":"product_tag","embeddable":true,"href":"https:\/\/fuelxgainz.store\/en\/wp-json\/wp\/v2\/product_tag?post=480"}],"curies":[{"name":"wp","href":"https:\/\/api.w.org\/{rel}","templated":true}]}}