{"id":478,"date":"2025-06-04T12:34:49","date_gmt":"2025-06-04T12:34:49","guid":{"rendered":"https:\/\/fuelxgainz.store\/?post_type=product&#038;p=478"},"modified":"2025-07-24T17:11:19","modified_gmt":"2025-07-24T17:11:19","slug":"creatina-monohidratada-300-g-2","status":"publish","type":"product","link":"https:\/\/fuelxgainz.store\/en\/product\/creatina-monohidratada-300-g-2\/","title":{"rendered":"Creatina &#8211; 300 g"},"content":{"rendered":"<p data-start=\"171\" data-end=\"492\">USAFIT Micronized Creatine is the perfect supplement for those who want to enhance workout performance, gain muscle mass, and accelerate recovery. With 100% purity and fast absorption, it\u2019s the perfect product to increase muscle energy levels and maximize your results.<\/p>\n<ul>\n<li data-start=\"494\" data-end=\"647\">Increases strength and power<\/li>\n<li data-start=\"494\" data-end=\"647\">Improves performance in intense training<\/li>\n<li data-start=\"494\" data-end=\"647\">Aids muscle recovery<\/li>\n<li data-start=\"494\" data-end=\"647\">No additives, no sugars, no flavor<\/li>\n<\/ul>","protected":false},"excerpt":{"rendered":"<div class=\"model-prompt-container\" data-turn-role=\"Model\">\n<div class=\"turn-content\">\n<p class=\"ng-star-inserted\"><span class=\"ng-star-inserted\">USAFIT Micronized Creatine is the ideal supplement to maximize your performance, muscle gain, and post-workout recovery. With 100% purity and rapid absorption, it increases your muscle energy levels, boosting strength and power. Improve performance in intense workouts and speed up recovery, with no additives, sugars, or flavor.<\/span><\/p>\n<\/div>\n<\/div>","protected":false},"featured_media":479,"comment_status":"open","ping_status":"closed","template":"","meta":{"_acf_changed":false},"product_brand":[39],"product_cat":[36],"product_tag":[],"class_list":{"0":"post-478","1":"product","2":"type-product","3":"status-publish","4":"has-post-thumbnail","6":"product_brand-usa-fitness","7":"product_cat-creatina","9":"first","10":"instock","11":"sale","12":"shipping-taxable","13":"purchasable","14":"product-type-simple"},"acf":[],"yoast_head":"<!-- This site is optimized with the Yoast SEO plugin v27.0 - https:\/\/yoast.com\/product\/yoast-seo-wordpress\/ -->\n<title>Creatina - 300 g - Fuel X Gainz<\/title>\n<meta name=\"robots\" content=\"index, follow, max-snippet:-1, max-image-preview:large, max-video-preview:-1\" \/>\n<link rel=\"canonical\" href=\"https:\/\/fuelxgainz.store\/en\/product\/creatina-monohidratada-300-g-2\/\" \/>\n<meta property=\"og:locale\" content=\"en_US\" \/>\n<meta property=\"og:type\" content=\"article\" \/>\n<meta property=\"og:title\" content=\"Creatina - 300 g - Fuel X Gainz\" \/>\n<meta property=\"og:description\" content=\"A Creatina Monohidratada USAFIT \u00e9 o suplemento ideal para maximizar sua performance, ganho muscular e recupera\u00e7\u00e3o p\u00f3s-treino. Com 100% de pureza e r\u00e1pida absor\u00e7\u00e3o, ela aumenta seus n\u00edveis de energia muscular, impulsionando a for\u00e7a e a pot\u00eancia. Melhore o desempenho em treinos intensos e acelere a recupera\u00e7\u00e3o, sem aditivos, a\u00e7\u00facares ou sabor.\" \/>\n<meta property=\"og:url\" content=\"https:\/\/fuelxgainz.store\/en\/product\/creatina-monohidratada-300-g-2\/\" \/>\n<meta property=\"og:site_name\" content=\"Fuel X Gainz\" \/>\n<meta property=\"article:modified_time\" content=\"2025-07-24T17:11:19+00:00\" \/>\n<meta property=\"og:image\" content=\"https:\/\/fuelxgainz.store\/wp-content\/uploads\/2025\/06\/Frame-71.png\" \/>\n\t<meta property=\"og:image:width\" content=\"600\" \/>\n\t<meta property=\"og:image:height\" content=\"471\" \/>\n\t<meta property=\"og:image:type\" content=\"image\/png\" \/>\n<meta name=\"twitter:card\" content=\"summary_large_image\" \/>\n<meta name=\"twitter:label1\" content=\"Est. reading time\" \/>\n\t<meta name=\"twitter:data1\" content=\"1 minute\" \/>\n<script type=\"application\/ld+json\" class=\"yoast-schema-graph\">{\"@context\":\"https:\/\/schema.org\",\"@graph\":[{\"@type\":\"WebPage\",\"@id\":\"https:\/\/fuelxgainz.store\/produto\/creatina-monohidratada-300-g-2\/\",\"url\":\"https:\/\/fuelxgainz.store\/produto\/creatina-monohidratada-300-g-2\/\",\"name\":\"Creatina - 300 g - Fuel X Gainz\",\"isPartOf\":{\"@id\":\"https:\/\/fuelxgainz.store\/#website\"},\"primaryImageOfPage\":{\"@id\":\"https:\/\/fuelxgainz.store\/produto\/creatina-monohidratada-300-g-2\/#primaryimage\"},\"image\":{\"@id\":\"https:\/\/fuelxgainz.store\/produto\/creatina-monohidratada-300-g-2\/#primaryimage\"},\"thumbnailUrl\":\"https:\/\/fuelxgainz.store\/wp-content\/uploads\/2025\/06\/Frame-71.png\",\"datePublished\":\"2025-06-04T12:34:49+00:00\",\"dateModified\":\"2025-07-24T17:11:19+00:00\",\"breadcrumb\":{\"@id\":\"https:\/\/fuelxgainz.store\/produto\/creatina-monohidratada-300-g-2\/#breadcrumb\"},\"inLanguage\":\"en-US\",\"potentialAction\":[{\"@type\":\"ReadAction\",\"target\":[\"https:\/\/fuelxgainz.store\/produto\/creatina-monohidratada-300-g-2\/\"]}]},{\"@type\":\"ImageObject\",\"inLanguage\":\"en-US\",\"@id\":\"https:\/\/fuelxgainz.store\/produto\/creatina-monohidratada-300-g-2\/#primaryimage\",\"url\":\"https:\/\/fuelxgainz.store\/wp-content\/uploads\/2025\/06\/Frame-71.png\",\"contentUrl\":\"https:\/\/fuelxgainz.store\/wp-content\/uploads\/2025\/06\/Frame-71.png\",\"width\":600,\"height\":471},{\"@type\":\"BreadcrumbList\",\"@id\":\"https:\/\/fuelxgainz.store\/produto\/creatina-monohidratada-300-g-2\/#breadcrumb\",\"itemListElement\":[{\"@type\":\"ListItem\",\"position\":1,\"name\":\"Home\",\"item\":\"https:\/\/fuelxgainz.store\/\"},{\"@type\":\"ListItem\",\"position\":2,\"name\":\"Produtos\",\"item\":\"https:\/\/fuelxgainz.store\/produtos\/\"},{\"@type\":\"ListItem\",\"position\":3,\"name\":\"Creatina &#8211; 300 g\"}]},{\"@type\":\"WebSite\",\"@id\":\"https:\/\/fuelxgainz.store\/#website\",\"url\":\"https:\/\/fuelxgainz.store\/\",\"name\":\"Fuel X Gainz\",\"description\":\"\",\"potentialAction\":[{\"@type\":\"SearchAction\",\"target\":{\"@type\":\"EntryPoint\",\"urlTemplate\":\"https:\/\/fuelxgainz.store\/?s={search_term_string}\"},\"query-input\":{\"@type\":\"PropertyValueSpecification\",\"valueRequired\":true,\"valueName\":\"search_term_string\"}}],\"inLanguage\":\"en-US\"}]}<\/script>\n<!-- \/ Yoast SEO plugin. -->","yoast_head_json":{"title":"Creatina - 300 g - Fuel X Gainz","robots":{"index":"index","follow":"follow","max-snippet":"max-snippet:-1","max-image-preview":"max-image-preview:large","max-video-preview":"max-video-preview:-1"},"canonical":"https:\/\/fuelxgainz.store\/en\/product\/creatina-monohidratada-300-g-2\/","og_locale":"en_US","og_type":"article","og_title":"Creatina - 300 g - Fuel X Gainz","og_description":"A Creatina Monohidratada USAFIT \u00e9 o suplemento ideal para maximizar sua performance, ganho muscular e recupera\u00e7\u00e3o p\u00f3s-treino. Com 100% de pureza e r\u00e1pida absor\u00e7\u00e3o, ela aumenta seus n\u00edveis de energia muscular, impulsionando a for\u00e7a e a pot\u00eancia. Melhore o desempenho em treinos intensos e acelere a recupera\u00e7\u00e3o, sem aditivos, a\u00e7\u00facares ou sabor.","og_url":"https:\/\/fuelxgainz.store\/en\/product\/creatina-monohidratada-300-g-2\/","og_site_name":"Fuel X Gainz","article_modified_time":"2025-07-24T17:11:19+00:00","og_image":[{"width":600,"height":471,"url":"https:\/\/fuelxgainz.store\/wp-content\/uploads\/2025\/06\/Frame-71.png","type":"image\/png"}],"twitter_card":"summary_large_image","twitter_misc":{"Est. reading time":"1 minute"},"schema":{"@context":"https:\/\/schema.org","@graph":[{"@type":"WebPage","@id":"https:\/\/fuelxgainz.store\/produto\/creatina-monohidratada-300-g-2\/","url":"https:\/\/fuelxgainz.store\/produto\/creatina-monohidratada-300-g-2\/","name":"Creatina - 300 g - Fuel X Gainz","isPartOf":{"@id":"https:\/\/fuelxgainz.store\/#website"},"primaryImageOfPage":{"@id":"https:\/\/fuelxgainz.store\/produto\/creatina-monohidratada-300-g-2\/#primaryimage"},"image":{"@id":"https:\/\/fuelxgainz.store\/produto\/creatina-monohidratada-300-g-2\/#primaryimage"},"thumbnailUrl":"https:\/\/fuelxgainz.store\/wp-content\/uploads\/2025\/06\/Frame-71.png","datePublished":"2025-06-04T12:34:49+00:00","dateModified":"2025-07-24T17:11:19+00:00","breadcrumb":{"@id":"https:\/\/fuelxgainz.store\/produto\/creatina-monohidratada-300-g-2\/#breadcrumb"},"inLanguage":"en-US","potentialAction":[{"@type":"ReadAction","target":["https:\/\/fuelxgainz.store\/produto\/creatina-monohidratada-300-g-2\/"]}]},{"@type":"ImageObject","inLanguage":"en-US","@id":"https:\/\/fuelxgainz.store\/produto\/creatina-monohidratada-300-g-2\/#primaryimage","url":"https:\/\/fuelxgainz.store\/wp-content\/uploads\/2025\/06\/Frame-71.png","contentUrl":"https:\/\/fuelxgainz.store\/wp-content\/uploads\/2025\/06\/Frame-71.png","width":600,"height":471},{"@type":"BreadcrumbList","@id":"https:\/\/fuelxgainz.store\/produto\/creatina-monohidratada-300-g-2\/#breadcrumb","itemListElement":[{"@type":"ListItem","position":1,"name":"Home","item":"https:\/\/fuelxgainz.store\/"},{"@type":"ListItem","position":2,"name":"Produtos","item":"https:\/\/fuelxgainz.store\/produtos\/"},{"@type":"ListItem","position":3,"name":"Creatina &#8211; 300 g"}]},{"@type":"WebSite","@id":"https:\/\/fuelxgainz.store\/#website","url":"https:\/\/fuelxgainz.store\/","name":"Fuel X Gainz","description":"","potentialAction":[{"@type":"SearchAction","target":{"@type":"EntryPoint","urlTemplate":"https:\/\/fuelxgainz.store\/?s={search_term_string}"},"query-input":{"@type":"PropertyValueSpecification","valueRequired":true,"valueName":"search_term_string"}}],"inLanguage":"en-US"}]}},"jetpack_sharing_enabled":true,"_links":{"self":[{"href":"https:\/\/fuelxgainz.store\/en\/wp-json\/wp\/v2\/product\/478","targetHints":{"allow":["GET"]}}],"collection":[{"href":"https:\/\/fuelxgainz.store\/en\/wp-json\/wp\/v2\/product"}],"about":[{"href":"https:\/\/fuelxgainz.store\/en\/wp-json\/wp\/v2\/types\/product"}],"replies":[{"embeddable":true,"href":"https:\/\/fuelxgainz.store\/en\/wp-json\/wp\/v2\/comments?post=478"}],"wp:featuredmedia":[{"embeddable":true,"href":"https:\/\/fuelxgainz.store\/en\/wp-json\/wp\/v2\/media\/479"}],"wp:attachment":[{"href":"https:\/\/fuelxgainz.store\/en\/wp-json\/wp\/v2\/media?parent=478"}],"wp:term":[{"taxonomy":"product_brand","embeddable":true,"href":"https:\/\/fuelxgainz.store\/en\/wp-json\/wp\/v2\/product_brand?post=478"},{"taxonomy":"product_cat","embeddable":true,"href":"https:\/\/fuelxgainz.store\/en\/wp-json\/wp\/v2\/product_cat?post=478"},{"taxonomy":"product_tag","embeddable":true,"href":"https:\/\/fuelxgainz.store\/en\/wp-json\/wp\/v2\/product_tag?post=478"}],"curies":[{"name":"wp","href":"https:\/\/api.w.org\/{rel}","templated":true}]}}