{"id":463,"date":"2025-06-03T15:41:57","date_gmt":"2025-06-03T15:41:57","guid":{"rendered":"https:\/\/fuelxgainz.store\/?post_type=product&#038;p=463"},"modified":"2025-06-03T16:20:50","modified_gmt":"2025-06-03T16:20:50","slug":"creatina-monohidratada-300-g","status":"publish","type":"product","link":"https:\/\/fuelxgainz.store\/en\/product\/creatina-monohidratada-300-g\/","title":{"rendered":"Creatina &#8211; 300 g"},"content":{"rendered":"<p>The purest and most easily absorbed Creatine Monohydrate formula available on the market. Studies indicate that increased creatine levels help delay the onset of fatigue, boost energy metabolism in muscle cells, and improve training capacity and overall performance.<br \/>\nCreatine is a compound naturally produced by our body to provide energy to our muscles. Produced in the liver, pancreas, and kidneys, it is transported through the bloodstream and muscles, where it is converted into phosphocreatine. This highly potent metabolite is used to regenerate muscle stores of adenosine triphosphate, the main source of muscle energy.<br \/>\nBenefits:<br \/>\n\u2022 Gain explosive strength for super intensive training<br \/>\n\u2022 Processed at a higher pH (less acidic), increasing muscle endurance<br \/>\n\u2022 Increases muscle recovery capacity<br \/>\n\u2022 Allows muscles to grow faster, making them stronger, toned, and more resistant to additional training sessions<\/p>\n<p>&nbsp;<\/p>\n<h3>Ingredients:<\/h3>\n<p><strong>Unflavored<\/strong>: Creatine Monohydrate<\/p>\n<p><strong>Flavored<\/strong>: Creatine Monohydrate, Acidity Regulator (citric acid), Flavoring, Sweeteners (acesulfame-K, sucralose), Colorants<\/p>\n<p>&nbsp;<\/p>\n<h3>Directions for Use:<\/h3>\n<p>Mix 5 g of product in 400-500 ml of water. Take one dose immediately after training.<\/p>\n<p>&nbsp;<\/p>\n<h3>Storage:<\/h3>\n<p>Store in a cool, dry place after opening.<\/p>","protected":false},"excerpt":{"rendered":"<p>Creatine Monohydrate is the purest and most easily absorbed form, developed to enhance your workout. It helps increase explosive strength, delay fatigue, and optimize muscle energy metabolism. Ideal for improving training capacity and overall performance, this creatine also accelerates recovery and muscle growth.<\/p>","protected":false},"featured_media":465,"comment_status":"open","ping_status":"closed","template":"","meta":{"_acf_changed":false},"product_brand":[23],"product_cat":[36],"product_tag":[],"class_list":{"0":"post-463","1":"product","2":"type-product","3":"status-publish","4":"has-post-thumbnail","6":"product_brand-marvelous-nutrition","7":"product_cat-creatina","9":"first","10":"instock","11":"sale","12":"shipping-taxable","13":"purchasable","14":"product-type-variable"},"acf":[],"yoast_head":"<!-- This site is optimized with the Yoast SEO plugin v27.0 - https:\/\/yoast.com\/product\/yoast-seo-wordpress\/ -->\n<title>Creatina - 300 g - Fuel X Gainz<\/title>\n<meta name=\"robots\" content=\"index, follow, max-snippet:-1, max-image-preview:large, max-video-preview:-1\" \/>\n<link rel=\"canonical\" href=\"https:\/\/fuelxgainz.store\/en\/product\/creatina-monohidratada-300-g\/\" \/>\n<meta property=\"og:locale\" content=\"en_US\" \/>\n<meta property=\"og:type\" content=\"article\" \/>\n<meta property=\"og:title\" content=\"Creatina - 300 g - Fuel X Gainz\" \/>\n<meta property=\"og:description\" content=\"A Creatina Monohidrato \u00e9 a forma mais pura e de f\u00e1cil absor\u00e7\u00e3o, desenvolvida para potenciar o seu treino. Ajuda a aumentar a for\u00e7a explosiva, retardar a fadiga e otimizar o metabolismo energ\u00e9tico muscular. Ideal para melhorar a capacidade de treino e o desempenho geral, esta creatina tamb\u00e9m acelera a recupera\u00e7\u00e3o e o crescimento muscular.\" \/>\n<meta property=\"og:url\" content=\"https:\/\/fuelxgainz.store\/en\/product\/creatina-monohidratada-300-g\/\" \/>\n<meta property=\"og:site_name\" content=\"Fuel X Gainz\" \/>\n<meta property=\"article:modified_time\" content=\"2025-06-03T16:20:50+00:00\" \/>\n<meta property=\"og:image\" content=\"https:\/\/fuelxgainz.store\/wp-content\/uploads\/2025\/06\/Frame-68.png\" \/>\n\t<meta property=\"og:image:width\" content=\"600\" \/>\n\t<meta property=\"og:image:height\" content=\"471\" \/>\n\t<meta property=\"og:image:type\" content=\"image\/png\" \/>\n<meta name=\"twitter:card\" content=\"summary_large_image\" \/>\n<meta name=\"twitter:label1\" content=\"Est. reading time\" \/>\n\t<meta name=\"twitter:data1\" content=\"2 minutes\" \/>\n<script type=\"application\/ld+json\" class=\"yoast-schema-graph\">{\"@context\":\"https:\/\/schema.org\",\"@graph\":[{\"@type\":\"WebPage\",\"@id\":\"https:\/\/fuelxgainz.store\/produto\/creatina-monohidratada-300-g\/\",\"url\":\"https:\/\/fuelxgainz.store\/produto\/creatina-monohidratada-300-g\/\",\"name\":\"Creatina - 300 g - Fuel X Gainz\",\"isPartOf\":{\"@id\":\"https:\/\/fuelxgainz.store\/#website\"},\"primaryImageOfPage\":{\"@id\":\"https:\/\/fuelxgainz.store\/produto\/creatina-monohidratada-300-g\/#primaryimage\"},\"image\":{\"@id\":\"https:\/\/fuelxgainz.store\/produto\/creatina-monohidratada-300-g\/#primaryimage\"},\"thumbnailUrl\":\"https:\/\/fuelxgainz.store\/wp-content\/uploads\/2025\/06\/Frame-68.png\",\"datePublished\":\"2025-06-03T15:41:57+00:00\",\"dateModified\":\"2025-06-03T16:20:50+00:00\",\"breadcrumb\":{\"@id\":\"https:\/\/fuelxgainz.store\/produto\/creatina-monohidratada-300-g\/#breadcrumb\"},\"inLanguage\":\"en-US\",\"potentialAction\":[{\"@type\":\"ReadAction\",\"target\":[\"https:\/\/fuelxgainz.store\/produto\/creatina-monohidratada-300-g\/\"]}]},{\"@type\":\"ImageObject\",\"inLanguage\":\"en-US\",\"@id\":\"https:\/\/fuelxgainz.store\/produto\/creatina-monohidratada-300-g\/#primaryimage\",\"url\":\"https:\/\/fuelxgainz.store\/wp-content\/uploads\/2025\/06\/Frame-68.png\",\"contentUrl\":\"https:\/\/fuelxgainz.store\/wp-content\/uploads\/2025\/06\/Frame-68.png\",\"width\":600,\"height\":471},{\"@type\":\"BreadcrumbList\",\"@id\":\"https:\/\/fuelxgainz.store\/produto\/creatina-monohidratada-300-g\/#breadcrumb\",\"itemListElement\":[{\"@type\":\"ListItem\",\"position\":1,\"name\":\"Home\",\"item\":\"https:\/\/fuelxgainz.store\/\"},{\"@type\":\"ListItem\",\"position\":2,\"name\":\"Produtos\",\"item\":\"https:\/\/fuelxgainz.store\/produtos\/\"},{\"@type\":\"ListItem\",\"position\":3,\"name\":\"Creatina &#8211; 300 g\"}]},{\"@type\":\"WebSite\",\"@id\":\"https:\/\/fuelxgainz.store\/#website\",\"url\":\"https:\/\/fuelxgainz.store\/\",\"name\":\"Fuel X Gainz\",\"description\":\"\",\"potentialAction\":[{\"@type\":\"SearchAction\",\"target\":{\"@type\":\"EntryPoint\",\"urlTemplate\":\"https:\/\/fuelxgainz.store\/?s={search_term_string}\"},\"query-input\":{\"@type\":\"PropertyValueSpecification\",\"valueRequired\":true,\"valueName\":\"search_term_string\"}}],\"inLanguage\":\"en-US\"}]}<\/script>\n<!-- \/ Yoast SEO plugin. -->","yoast_head_json":{"title":"Creatina - 300 g - Fuel X Gainz","robots":{"index":"index","follow":"follow","max-snippet":"max-snippet:-1","max-image-preview":"max-image-preview:large","max-video-preview":"max-video-preview:-1"},"canonical":"https:\/\/fuelxgainz.store\/en\/product\/creatina-monohidratada-300-g\/","og_locale":"en_US","og_type":"article","og_title":"Creatina - 300 g - Fuel X Gainz","og_description":"A Creatina Monohidrato \u00e9 a forma mais pura e de f\u00e1cil absor\u00e7\u00e3o, desenvolvida para potenciar o seu treino. Ajuda a aumentar a for\u00e7a explosiva, retardar a fadiga e otimizar o metabolismo energ\u00e9tico muscular. Ideal para melhorar a capacidade de treino e o desempenho geral, esta creatina tamb\u00e9m acelera a recupera\u00e7\u00e3o e o crescimento muscular.","og_url":"https:\/\/fuelxgainz.store\/en\/product\/creatina-monohidratada-300-g\/","og_site_name":"Fuel X Gainz","article_modified_time":"2025-06-03T16:20:50+00:00","og_image":[{"width":600,"height":471,"url":"https:\/\/fuelxgainz.store\/wp-content\/uploads\/2025\/06\/Frame-68.png","type":"image\/png"}],"twitter_card":"summary_large_image","twitter_misc":{"Est. reading time":"2 minutes"},"schema":{"@context":"https:\/\/schema.org","@graph":[{"@type":"WebPage","@id":"https:\/\/fuelxgainz.store\/produto\/creatina-monohidratada-300-g\/","url":"https:\/\/fuelxgainz.store\/produto\/creatina-monohidratada-300-g\/","name":"Creatina - 300 g - Fuel X Gainz","isPartOf":{"@id":"https:\/\/fuelxgainz.store\/#website"},"primaryImageOfPage":{"@id":"https:\/\/fuelxgainz.store\/produto\/creatina-monohidratada-300-g\/#primaryimage"},"image":{"@id":"https:\/\/fuelxgainz.store\/produto\/creatina-monohidratada-300-g\/#primaryimage"},"thumbnailUrl":"https:\/\/fuelxgainz.store\/wp-content\/uploads\/2025\/06\/Frame-68.png","datePublished":"2025-06-03T15:41:57+00:00","dateModified":"2025-06-03T16:20:50+00:00","breadcrumb":{"@id":"https:\/\/fuelxgainz.store\/produto\/creatina-monohidratada-300-g\/#breadcrumb"},"inLanguage":"en-US","potentialAction":[{"@type":"ReadAction","target":["https:\/\/fuelxgainz.store\/produto\/creatina-monohidratada-300-g\/"]}]},{"@type":"ImageObject","inLanguage":"en-US","@id":"https:\/\/fuelxgainz.store\/produto\/creatina-monohidratada-300-g\/#primaryimage","url":"https:\/\/fuelxgainz.store\/wp-content\/uploads\/2025\/06\/Frame-68.png","contentUrl":"https:\/\/fuelxgainz.store\/wp-content\/uploads\/2025\/06\/Frame-68.png","width":600,"height":471},{"@type":"BreadcrumbList","@id":"https:\/\/fuelxgainz.store\/produto\/creatina-monohidratada-300-g\/#breadcrumb","itemListElement":[{"@type":"ListItem","position":1,"name":"Home","item":"https:\/\/fuelxgainz.store\/"},{"@type":"ListItem","position":2,"name":"Produtos","item":"https:\/\/fuelxgainz.store\/produtos\/"},{"@type":"ListItem","position":3,"name":"Creatina &#8211; 300 g"}]},{"@type":"WebSite","@id":"https:\/\/fuelxgainz.store\/#website","url":"https:\/\/fuelxgainz.store\/","name":"Fuel X Gainz","description":"","potentialAction":[{"@type":"SearchAction","target":{"@type":"EntryPoint","urlTemplate":"https:\/\/fuelxgainz.store\/?s={search_term_string}"},"query-input":{"@type":"PropertyValueSpecification","valueRequired":true,"valueName":"search_term_string"}}],"inLanguage":"en-US"}]}},"jetpack_sharing_enabled":true,"_links":{"self":[{"href":"https:\/\/fuelxgainz.store\/en\/wp-json\/wp\/v2\/product\/463","targetHints":{"allow":["GET"]}}],"collection":[{"href":"https:\/\/fuelxgainz.store\/en\/wp-json\/wp\/v2\/product"}],"about":[{"href":"https:\/\/fuelxgainz.store\/en\/wp-json\/wp\/v2\/types\/product"}],"replies":[{"embeddable":true,"href":"https:\/\/fuelxgainz.store\/en\/wp-json\/wp\/v2\/comments?post=463"}],"wp:featuredmedia":[{"embeddable":true,"href":"https:\/\/fuelxgainz.store\/en\/wp-json\/wp\/v2\/media\/465"}],"wp:attachment":[{"href":"https:\/\/fuelxgainz.store\/en\/wp-json\/wp\/v2\/media?parent=463"}],"wp:term":[{"taxonomy":"product_brand","embeddable":true,"href":"https:\/\/fuelxgainz.store\/en\/wp-json\/wp\/v2\/product_brand?post=463"},{"taxonomy":"product_cat","embeddable":true,"href":"https:\/\/fuelxgainz.store\/en\/wp-json\/wp\/v2\/product_cat?post=463"},{"taxonomy":"product_tag","embeddable":true,"href":"https:\/\/fuelxgainz.store\/en\/wp-json\/wp\/v2\/product_tag?post=463"}],"curies":[{"name":"wp","href":"https:\/\/api.w.org\/{rel}","templated":true}]}}