{"id":446,"date":"2025-06-03T12:55:35","date_gmt":"2025-06-03T12:55:35","guid":{"rendered":"https:\/\/fuelxgainz.store\/?post_type=product&#038;p=446"},"modified":"2025-06-03T12:56:46","modified_gmt":"2025-06-03T12:56:46","slug":"aveia-oatcell-15-kg","status":"publish","type":"product","link":"https:\/\/fuelxgainz.store\/en\/product\/aveia-oatcell-15-kg\/","title":{"rendered":"Aveia Oatcell &#8211; 1,5 kg"},"content":{"rendered":"<p>Including cereals in your diet is essential, as they provide nutrients, proteins, unsaturated fats, and B vitamins crucial for the body. They are also an excellent energy source for strong day-to-day performance.<\/p>\n<p>Oats are a type of cereal that offers many nutritional benefits. ProCell offers a product called Oats Cell, made from top-quality oat flours.<\/p>\n<p>&nbsp;<\/p>\n<h3>Features of Oats Cell<\/h3>\n<p>This food product is of the highest quality and has a low fat content. It contains no added sugars and is sweetened only with a touch of sucralose to enhance flavor. It\u2019s the best breakfast option, providing the energy needed for the day. Plus, it comes in 15 different flavors.<\/p>\n<p>Besides being ideal for breakfast, it can also be added to desserts or snacks such as cakes, cookies, healthy bread, or any other recipe you want to make \u2014 it will turn out great. Everything made with oat flour is healthy and delicious.<\/p>\n<p>&nbsp;<\/p>\n<h3>Properties<\/h3>\n<p>Acts as a nutritional supplement with numerous benefits. It\u2019s the ideal formula to increase strength, endurance, and vitality. This high-quality product is an excellent ally for athletes, as it\u2019s a source of essential fiber that helps maintain the system's balance and is easily absorbed due to its quick digestion.<\/p>\n<p>&nbsp;<\/p>\n<p>Additionally:<\/p>\n<ul>\n<li>Boosts energy levels<\/li>\n<li>Provides vitamins, minerals, and proteins<\/li>\n<li>Helps control anxiety or cravings<\/li>\n<\/ul>\n<p>What are you waiting for to add this excellent flour to your pantry?<\/p>\n<p>&nbsp;<\/p>\n<p>Directions for use: Mix with milk, ProCell protein, or use to make delicious pancakes or crepes.<\/p>\n<p>&nbsp;<\/p>\n<p>Ingredients: Oat flour, defatted cocoa powder, flavorings, and sucralose (sweetener).<\/p>\n<p>\u2013 Cocoa Flavor: Oat flour, defatted cocoa powder, flavorings, sucralose.<\/p>\n<p>\u2013 Strawberry Flavor: Oat flour, flavorings, sucralose.<\/p>\n<p>\u2013 Dulce de Leche Flavor: Oat flour, flavorings, defatted cocoa powder, sucralose.<\/p>\n<p>\u2013 Cookie Flavor: Oats, flavoring, cookie pieces, sucralose.<\/p>\n<p>\u2013 Cream Flavor: Oat flour, flavorings, cookie pieces, sucralose.<\/p>\n<p>\u2013 Cake Flavor: Oats, flavorings, sucralose.<\/p>\n<p>\u2013 White Chocolate Flavor: Oat flour, flavorings, sucralose.<\/p>\n<p>\u2013 Apple Pie Flavor: Stabilized oat flour, apple flavoring, cinnamon powder, sucralose.<\/p>\n<p>\u2013 Croissant Flavor: Stabilized oat flour, croissant and butter flavoring, inulin, sodium chloride, sucralose.<\/p>\n<p>\u2013 Rice Pudding Flavor: Stabilized oat flour, meringue milk flavoring, cinnamon powder, lemon powder, sucralose.<\/p>\n<p>\u2013 Chocolate Cookie Flavor: Oat flour, cocoa cookie (wheat flour, sugar, butter, defatted cocoa powder, salt, raising agent (E-500 ii), flavorings, sweetener E-955).<\/p>\n<p>\u2013 Brownie-Coffee Flavor: Oat flour, cocoa powder, chocolate flavoring, brownie flavoring, coffee flavoring, decaffeinated coffee powder, sweetener E-955 (sucralose).<\/p>\n<p>\u2013 Donut Flavor: Oat flour, donut flavoring, inulin, sweetener E-955 (sucralose).<\/p>\n<p>\u2013 Orange-Choco Flavor: Stabilized oat flour, cocoa powder, orange flavoring, orange powder, chocolate flavoring, sweetener E-955 (sucralose).<\/p>","protected":false},"excerpt":{"rendered":"<p>Oats Cell by ProCell is a high-quality oat flour, ideal for a nutritious and energizing breakfast. With low fat content and no added sugars, it\u2019s available in 15 flavors to suit your preference. Perfect for athletes and daily use, it provides essential fiber, vitamins, and minerals, promoting vitality and helping to control cravings and anxiety.<\/p>","protected":false},"featured_media":459,"comment_status":"open","ping_status":"closed","template":"","meta":{"_acf_changed":false},"product_brand":[35],"product_cat":[31],"product_tag":[],"class_list":{"0":"post-446","1":"product","2":"type-product","3":"status-publish","4":"has-post-thumbnail","6":"product_brand-procell","7":"product_cat-carboidratos","9":"first","10":"instock","11":"sale","12":"shipping-taxable","13":"purchasable","14":"product-type-variable"},"acf":[],"yoast_head":"<!-- This site is optimized with the Yoast SEO plugin v27.0 - https:\/\/yoast.com\/product\/yoast-seo-wordpress\/ -->\n<title>Aveia Oatcell - 1,5 kg - Fuel X Gainz<\/title>\n<meta name=\"robots\" content=\"index, follow, max-snippet:-1, max-image-preview:large, max-video-preview:-1\" \/>\n<link rel=\"canonical\" href=\"https:\/\/fuelxgainz.store\/en\/product\/aveia-oatcell-15-kg\/\" \/>\n<meta property=\"og:locale\" content=\"en_US\" \/>\n<meta property=\"og:type\" content=\"article\" \/>\n<meta property=\"og:title\" content=\"Aveia Oatcell - 1,5 kg - Fuel X Gainz\" \/>\n<meta property=\"og:description\" content=\"Oats Cell da ProCell \u00e9 uma farinha de aveia de alta qualidade, ideal para um pequeno-almo\u00e7o nutritivo e energ\u00e9tico. Com baixo teor de gordura e sem a\u00e7\u00facares adicionados, est\u00e1 dispon\u00edvel em 15 sabores para a sua prefer\u00eancia. Perfeita para atletas e para o dia a dia, fornece fibras essenciais, vitaminas e minerais, promovendo a vitalidade e controlando a ansiedade.\" \/>\n<meta property=\"og:url\" content=\"https:\/\/fuelxgainz.store\/en\/product\/aveia-oatcell-15-kg\/\" \/>\n<meta property=\"og:site_name\" content=\"Fuel X Gainz\" \/>\n<meta property=\"article:modified_time\" content=\"2025-06-03T12:56:46+00:00\" \/>\n<meta property=\"og:image\" content=\"https:\/\/fuelxgainz.store\/wp-content\/uploads\/2025\/06\/Frame-67.png\" \/>\n\t<meta property=\"og:image:width\" content=\"600\" \/>\n\t<meta property=\"og:image:height\" content=\"471\" \/>\n\t<meta property=\"og:image:type\" content=\"image\/png\" \/>\n<meta name=\"twitter:card\" content=\"summary_large_image\" \/>\n<meta name=\"twitter:label1\" content=\"Est. reading time\" \/>\n\t<meta name=\"twitter:data1\" content=\"3 minutes\" \/>\n<script type=\"application\/ld+json\" class=\"yoast-schema-graph\">{\"@context\":\"https:\/\/schema.org\",\"@graph\":[{\"@type\":\"WebPage\",\"@id\":\"https:\/\/fuelxgainz.store\/produto\/aveia-oatcell-15-kg\/\",\"url\":\"https:\/\/fuelxgainz.store\/produto\/aveia-oatcell-15-kg\/\",\"name\":\"Aveia Oatcell - 1,5 kg - Fuel X Gainz\",\"isPartOf\":{\"@id\":\"https:\/\/fuelxgainz.store\/#website\"},\"primaryImageOfPage\":{\"@id\":\"https:\/\/fuelxgainz.store\/produto\/aveia-oatcell-15-kg\/#primaryimage\"},\"image\":{\"@id\":\"https:\/\/fuelxgainz.store\/produto\/aveia-oatcell-15-kg\/#primaryimage\"},\"thumbnailUrl\":\"https:\/\/fuelxgainz.store\/wp-content\/uploads\/2025\/06\/Frame-67.png\",\"datePublished\":\"2025-06-03T12:55:35+00:00\",\"dateModified\":\"2025-06-03T12:56:46+00:00\",\"breadcrumb\":{\"@id\":\"https:\/\/fuelxgainz.store\/produto\/aveia-oatcell-15-kg\/#breadcrumb\"},\"inLanguage\":\"en-US\",\"potentialAction\":[{\"@type\":\"ReadAction\",\"target\":[\"https:\/\/fuelxgainz.store\/produto\/aveia-oatcell-15-kg\/\"]}]},{\"@type\":\"ImageObject\",\"inLanguage\":\"en-US\",\"@id\":\"https:\/\/fuelxgainz.store\/produto\/aveia-oatcell-15-kg\/#primaryimage\",\"url\":\"https:\/\/fuelxgainz.store\/wp-content\/uploads\/2025\/06\/Frame-67.png\",\"contentUrl\":\"https:\/\/fuelxgainz.store\/wp-content\/uploads\/2025\/06\/Frame-67.png\",\"width\":600,\"height\":471},{\"@type\":\"BreadcrumbList\",\"@id\":\"https:\/\/fuelxgainz.store\/produto\/aveia-oatcell-15-kg\/#breadcrumb\",\"itemListElement\":[{\"@type\":\"ListItem\",\"position\":1,\"name\":\"Home\",\"item\":\"https:\/\/fuelxgainz.store\/\"},{\"@type\":\"ListItem\",\"position\":2,\"name\":\"Produtos\",\"item\":\"https:\/\/fuelxgainz.store\/produtos\/\"},{\"@type\":\"ListItem\",\"position\":3,\"name\":\"Aveia Oatcell &#8211; 1,5 kg\"}]},{\"@type\":\"WebSite\",\"@id\":\"https:\/\/fuelxgainz.store\/#website\",\"url\":\"https:\/\/fuelxgainz.store\/\",\"name\":\"Fuel X Gainz\",\"description\":\"\",\"potentialAction\":[{\"@type\":\"SearchAction\",\"target\":{\"@type\":\"EntryPoint\",\"urlTemplate\":\"https:\/\/fuelxgainz.store\/?s={search_term_string}\"},\"query-input\":{\"@type\":\"PropertyValueSpecification\",\"valueRequired\":true,\"valueName\":\"search_term_string\"}}],\"inLanguage\":\"en-US\"}]}<\/script>\n<!-- \/ Yoast SEO plugin. -->","yoast_head_json":{"title":"Aveia Oatcell - 1,5 kg - Fuel X Gainz","robots":{"index":"index","follow":"follow","max-snippet":"max-snippet:-1","max-image-preview":"max-image-preview:large","max-video-preview":"max-video-preview:-1"},"canonical":"https:\/\/fuelxgainz.store\/en\/product\/aveia-oatcell-15-kg\/","og_locale":"en_US","og_type":"article","og_title":"Aveia Oatcell - 1,5 kg - Fuel X Gainz","og_description":"Oats Cell da ProCell \u00e9 uma farinha de aveia de alta qualidade, ideal para um pequeno-almo\u00e7o nutritivo e energ\u00e9tico. Com baixo teor de gordura e sem a\u00e7\u00facares adicionados, est\u00e1 dispon\u00edvel em 15 sabores para a sua prefer\u00eancia. Perfeita para atletas e para o dia a dia, fornece fibras essenciais, vitaminas e minerais, promovendo a vitalidade e controlando a ansiedade.","og_url":"https:\/\/fuelxgainz.store\/en\/product\/aveia-oatcell-15-kg\/","og_site_name":"Fuel X Gainz","article_modified_time":"2025-06-03T12:56:46+00:00","og_image":[{"width":600,"height":471,"url":"https:\/\/fuelxgainz.store\/wp-content\/uploads\/2025\/06\/Frame-67.png","type":"image\/png"}],"twitter_card":"summary_large_image","twitter_misc":{"Est. reading time":"3 minutes"},"schema":{"@context":"https:\/\/schema.org","@graph":[{"@type":"WebPage","@id":"https:\/\/fuelxgainz.store\/produto\/aveia-oatcell-15-kg\/","url":"https:\/\/fuelxgainz.store\/produto\/aveia-oatcell-15-kg\/","name":"Aveia Oatcell - 1,5 kg - Fuel X Gainz","isPartOf":{"@id":"https:\/\/fuelxgainz.store\/#website"},"primaryImageOfPage":{"@id":"https:\/\/fuelxgainz.store\/produto\/aveia-oatcell-15-kg\/#primaryimage"},"image":{"@id":"https:\/\/fuelxgainz.store\/produto\/aveia-oatcell-15-kg\/#primaryimage"},"thumbnailUrl":"https:\/\/fuelxgainz.store\/wp-content\/uploads\/2025\/06\/Frame-67.png","datePublished":"2025-06-03T12:55:35+00:00","dateModified":"2025-06-03T12:56:46+00:00","breadcrumb":{"@id":"https:\/\/fuelxgainz.store\/produto\/aveia-oatcell-15-kg\/#breadcrumb"},"inLanguage":"en-US","potentialAction":[{"@type":"ReadAction","target":["https:\/\/fuelxgainz.store\/produto\/aveia-oatcell-15-kg\/"]}]},{"@type":"ImageObject","inLanguage":"en-US","@id":"https:\/\/fuelxgainz.store\/produto\/aveia-oatcell-15-kg\/#primaryimage","url":"https:\/\/fuelxgainz.store\/wp-content\/uploads\/2025\/06\/Frame-67.png","contentUrl":"https:\/\/fuelxgainz.store\/wp-content\/uploads\/2025\/06\/Frame-67.png","width":600,"height":471},{"@type":"BreadcrumbList","@id":"https:\/\/fuelxgainz.store\/produto\/aveia-oatcell-15-kg\/#breadcrumb","itemListElement":[{"@type":"ListItem","position":1,"name":"Home","item":"https:\/\/fuelxgainz.store\/"},{"@type":"ListItem","position":2,"name":"Produtos","item":"https:\/\/fuelxgainz.store\/produtos\/"},{"@type":"ListItem","position":3,"name":"Aveia Oatcell &#8211; 1,5 kg"}]},{"@type":"WebSite","@id":"https:\/\/fuelxgainz.store\/#website","url":"https:\/\/fuelxgainz.store\/","name":"Fuel X Gainz","description":"","potentialAction":[{"@type":"SearchAction","target":{"@type":"EntryPoint","urlTemplate":"https:\/\/fuelxgainz.store\/?s={search_term_string}"},"query-input":{"@type":"PropertyValueSpecification","valueRequired":true,"valueName":"search_term_string"}}],"inLanguage":"en-US"}]}},"jetpack_sharing_enabled":true,"_links":{"self":[{"href":"https:\/\/fuelxgainz.store\/en\/wp-json\/wp\/v2\/product\/446","targetHints":{"allow":["GET"]}}],"collection":[{"href":"https:\/\/fuelxgainz.store\/en\/wp-json\/wp\/v2\/product"}],"about":[{"href":"https:\/\/fuelxgainz.store\/en\/wp-json\/wp\/v2\/types\/product"}],"replies":[{"embeddable":true,"href":"https:\/\/fuelxgainz.store\/en\/wp-json\/wp\/v2\/comments?post=446"}],"wp:featuredmedia":[{"embeddable":true,"href":"https:\/\/fuelxgainz.store\/en\/wp-json\/wp\/v2\/media\/459"}],"wp:attachment":[{"href":"https:\/\/fuelxgainz.store\/en\/wp-json\/wp\/v2\/media?parent=446"}],"wp:term":[{"taxonomy":"product_brand","embeddable":true,"href":"https:\/\/fuelxgainz.store\/en\/wp-json\/wp\/v2\/product_brand?post=446"},{"taxonomy":"product_cat","embeddable":true,"href":"https:\/\/fuelxgainz.store\/en\/wp-json\/wp\/v2\/product_cat?post=446"},{"taxonomy":"product_tag","embeddable":true,"href":"https:\/\/fuelxgainz.store\/en\/wp-json\/wp\/v2\/product_tag?post=446"}],"curies":[{"name":"wp","href":"https:\/\/api.w.org\/{rel}","templated":true}]}}