{"id":378,"date":"2025-05-28T15:50:45","date_gmt":"2025-05-28T15:50:45","guid":{"rendered":"https:\/\/fuelxgainz.store\/?post_type=product&#038;p=378"},"modified":"2025-05-28T15:51:29","modified_gmt":"2025-05-28T15:51:29","slug":"cream-rice-1-kg","status":"publish","type":"product","link":"https:\/\/fuelxgainz.store\/en\/product\/cream-rice-1-kg\/","title":{"rendered":"Cream rice &#8211; 1 kg"},"content":{"rendered":"<h3 data-start=\"0\" data-end=\"450\"><strong data-start=\"0\" data-end=\"13\">Description<\/strong><\/h3>\n<p data-start=\"0\" data-end=\"450\"><strong>Cream rice<\/strong> is an instant pre-gelatinized rice flour developed to provide a quick and efficient source of easily digestible carbohydrates. It\u2019s ideal for athletes and active individuals looking to maintain and restore energy levels before, during, or after exercise. With simple preparation and a variety of delicious flavors, Cream Rice is a practical and nutritious option for any time of day.<\/p>\n<p data-start=\"452\" data-end=\"954\">The natural version contains only pre-gelatinized rice flour and sweetener (sucralose), while the flavored versions also include aroma. Each serving provides an excellent source of carbohydrates with a balanced nutritional profile that supports muscle recovery and glycogen replenishment. Whether as part of breakfast, a quick meal between sessions, or a nutritious post-workout option, <strong>Cream rice<\/strong>\u00a0adapts to your dietary and performance needs.<\/p>\n<h3 data-start=\"961\" data-end=\"1001\"><strong data-start=\"965\" data-end=\"999\">Recommended Consumption<\/strong><\/h3>\n<ul data-start=\"1002\" data-end=\"1027\">\n<li data-start=\"1002\" data-end=\"1027\">\n<p data-start=\"1004\" data-end=\"1027\"><strong data-start=\"1004\" data-end=\"1027\">1 to 3 times per day<\/strong><\/p>\n<\/li>\n<\/ul>\n<p>&nbsp;<\/p>\n<h3 data-start=\"1034\" data-end=\"1062\"><strong data-start=\"1038\" data-end=\"1060\">Directions for Use<\/strong><\/h3>\n<p data-start=\"1063\" data-end=\"1198\">Mix one serving of <strong data-start=\"1085\" data-end=\"1103\">creme de arroz<\/strong> with water or milk using a blender or shaker for a quick and nutritious meal.<\/p>\n<p data-start=\"1063\" data-end=\"1198\">\n<h3 data-start=\"1205\" data-end=\"1227\"><strong data-start=\"1209\" data-end=\"1225\">Warnings<\/strong><\/h3>\n<ul data-start=\"1228\" data-end=\"1363\">\n<li data-start=\"1228\" data-end=\"1316\">\n<p data-start=\"1230\" data-end=\"1316\">Consult your doctor before using this product if you have any medical conditions.<\/p>\n<\/li>\n<li data-start=\"1317\" data-end=\"1363\">\n<p data-start=\"1319\" data-end=\"1363\">Do not use as the sole source of nutrition.<\/p>\n<\/li>\n<\/ul>","protected":false},"excerpt":{"rendered":"<p>Cream Rice is an instant pre-gelatinized rice flour, easy to digest and rich in carbohydrates. Ideal for providing fast energy before, during, or after training. The natural version contains only rice and sucralose; the flavored versions also include aroma. Perfect for breakfast, meals between workouts, or post-training recovery.<\/p>","protected":false},"featured_media":380,"comment_status":"open","ping_status":"closed","template":"","meta":{"_acf_changed":false},"product_brand":[32],"product_cat":[31],"product_tag":[],"class_list":{"0":"post-378","1":"product","2":"type-product","3":"status-publish","4":"has-post-thumbnail","6":"product_brand-american-nutrition","7":"product_cat-carboidratos","9":"first","10":"instock","11":"sale","12":"shipping-taxable","13":"purchasable","14":"product-type-variable"},"acf":[],"yoast_head":"<!-- This site is optimized with the Yoast SEO plugin v27.0 - https:\/\/yoast.com\/product\/yoast-seo-wordpress\/ -->\n<title>Cream rice - 1 kg - Fuel X Gainz<\/title>\n<meta name=\"robots\" content=\"index, follow, max-snippet:-1, max-image-preview:large, max-video-preview:-1\" \/>\n<link rel=\"canonical\" href=\"https:\/\/fuelxgainz.store\/en\/product\/cream-rice-1-kg\/\" \/>\n<meta property=\"og:locale\" content=\"en_US\" \/>\n<meta property=\"og:type\" content=\"article\" \/>\n<meta property=\"og:title\" content=\"Cream rice - 1 kg - Fuel X Gainz\" \/>\n<meta property=\"og:description\" content=\"Cream Rice \u00e9 uma farinha de arroz instant\u00e2nea pr\u00e9-gelatinizada, f\u00e1cil de digerir e rica em hidratos de carbono. Ideal para fornecer energia r\u00e1pida antes, durante ou ap\u00f3s o treino. A vers\u00e3o natural cont\u00e9m apenas arroz e sucralose; as vers\u00f5es com sabor incluem aroma. Perfeita para o pequeno-almo\u00e7o, refei\u00e7\u00f5es entre treinos ou p\u00f3s-treino.\" \/>\n<meta property=\"og:url\" content=\"https:\/\/fuelxgainz.store\/en\/product\/cream-rice-1-kg\/\" \/>\n<meta property=\"og:site_name\" content=\"Fuel X Gainz\" \/>\n<meta property=\"article:modified_time\" content=\"2025-05-28T15:51:29+00:00\" \/>\n<meta property=\"og:image\" content=\"https:\/\/fuelxgainz.store\/wp-content\/uploads\/2025\/05\/Frame-66.png\" \/>\n\t<meta property=\"og:image:width\" content=\"600\" \/>\n\t<meta property=\"og:image:height\" content=\"471\" \/>\n\t<meta property=\"og:image:type\" content=\"image\/png\" \/>\n<meta name=\"twitter:card\" content=\"summary_large_image\" \/>\n<meta name=\"twitter:label1\" content=\"Est. reading time\" \/>\n\t<meta name=\"twitter:data1\" content=\"2 minutes\" \/>\n<script type=\"application\/ld+json\" class=\"yoast-schema-graph\">{\"@context\":\"https:\/\/schema.org\",\"@graph\":[{\"@type\":\"WebPage\",\"@id\":\"https:\/\/fuelxgainz.store\/produto\/cream-rice-1-kg\/\",\"url\":\"https:\/\/fuelxgainz.store\/produto\/cream-rice-1-kg\/\",\"name\":\"Cream rice - 1 kg - Fuel X Gainz\",\"isPartOf\":{\"@id\":\"https:\/\/fuelxgainz.store\/#website\"},\"primaryImageOfPage\":{\"@id\":\"https:\/\/fuelxgainz.store\/produto\/cream-rice-1-kg\/#primaryimage\"},\"image\":{\"@id\":\"https:\/\/fuelxgainz.store\/produto\/cream-rice-1-kg\/#primaryimage\"},\"thumbnailUrl\":\"https:\/\/fuelxgainz.store\/wp-content\/uploads\/2025\/05\/Frame-66.png\",\"datePublished\":\"2025-05-28T15:50:45+00:00\",\"dateModified\":\"2025-05-28T15:51:29+00:00\",\"breadcrumb\":{\"@id\":\"https:\/\/fuelxgainz.store\/produto\/cream-rice-1-kg\/#breadcrumb\"},\"inLanguage\":\"en-US\",\"potentialAction\":[{\"@type\":\"ReadAction\",\"target\":[\"https:\/\/fuelxgainz.store\/produto\/cream-rice-1-kg\/\"]}]},{\"@type\":\"ImageObject\",\"inLanguage\":\"en-US\",\"@id\":\"https:\/\/fuelxgainz.store\/produto\/cream-rice-1-kg\/#primaryimage\",\"url\":\"https:\/\/fuelxgainz.store\/wp-content\/uploads\/2025\/05\/Frame-66.png\",\"contentUrl\":\"https:\/\/fuelxgainz.store\/wp-content\/uploads\/2025\/05\/Frame-66.png\",\"width\":600,\"height\":471},{\"@type\":\"BreadcrumbList\",\"@id\":\"https:\/\/fuelxgainz.store\/produto\/cream-rice-1-kg\/#breadcrumb\",\"itemListElement\":[{\"@type\":\"ListItem\",\"position\":1,\"name\":\"Home\",\"item\":\"https:\/\/fuelxgainz.store\/\"},{\"@type\":\"ListItem\",\"position\":2,\"name\":\"Produtos\",\"item\":\"https:\/\/fuelxgainz.store\/produtos\/\"},{\"@type\":\"ListItem\",\"position\":3,\"name\":\"Cream rice &#8211; 1 kg\"}]},{\"@type\":\"WebSite\",\"@id\":\"https:\/\/fuelxgainz.store\/#website\",\"url\":\"https:\/\/fuelxgainz.store\/\",\"name\":\"Fuel X Gainz\",\"description\":\"\",\"potentialAction\":[{\"@type\":\"SearchAction\",\"target\":{\"@type\":\"EntryPoint\",\"urlTemplate\":\"https:\/\/fuelxgainz.store\/?s={search_term_string}\"},\"query-input\":{\"@type\":\"PropertyValueSpecification\",\"valueRequired\":true,\"valueName\":\"search_term_string\"}}],\"inLanguage\":\"en-US\"}]}<\/script>\n<!-- \/ Yoast SEO plugin. -->","yoast_head_json":{"title":"Cream rice - 1 kg - Fuel X Gainz","robots":{"index":"index","follow":"follow","max-snippet":"max-snippet:-1","max-image-preview":"max-image-preview:large","max-video-preview":"max-video-preview:-1"},"canonical":"https:\/\/fuelxgainz.store\/en\/product\/cream-rice-1-kg\/","og_locale":"en_US","og_type":"article","og_title":"Cream rice - 1 kg - Fuel X Gainz","og_description":"Cream Rice \u00e9 uma farinha de arroz instant\u00e2nea pr\u00e9-gelatinizada, f\u00e1cil de digerir e rica em hidratos de carbono. Ideal para fornecer energia r\u00e1pida antes, durante ou ap\u00f3s o treino. A vers\u00e3o natural cont\u00e9m apenas arroz e sucralose; as vers\u00f5es com sabor incluem aroma. Perfeita para o pequeno-almo\u00e7o, refei\u00e7\u00f5es entre treinos ou p\u00f3s-treino.","og_url":"https:\/\/fuelxgainz.store\/en\/product\/cream-rice-1-kg\/","og_site_name":"Fuel X Gainz","article_modified_time":"2025-05-28T15:51:29+00:00","og_image":[{"width":600,"height":471,"url":"https:\/\/fuelxgainz.store\/wp-content\/uploads\/2025\/05\/Frame-66.png","type":"image\/png"}],"twitter_card":"summary_large_image","twitter_misc":{"Est. reading time":"2 minutes"},"schema":{"@context":"https:\/\/schema.org","@graph":[{"@type":"WebPage","@id":"https:\/\/fuelxgainz.store\/produto\/cream-rice-1-kg\/","url":"https:\/\/fuelxgainz.store\/produto\/cream-rice-1-kg\/","name":"Cream rice - 1 kg - Fuel X Gainz","isPartOf":{"@id":"https:\/\/fuelxgainz.store\/#website"},"primaryImageOfPage":{"@id":"https:\/\/fuelxgainz.store\/produto\/cream-rice-1-kg\/#primaryimage"},"image":{"@id":"https:\/\/fuelxgainz.store\/produto\/cream-rice-1-kg\/#primaryimage"},"thumbnailUrl":"https:\/\/fuelxgainz.store\/wp-content\/uploads\/2025\/05\/Frame-66.png","datePublished":"2025-05-28T15:50:45+00:00","dateModified":"2025-05-28T15:51:29+00:00","breadcrumb":{"@id":"https:\/\/fuelxgainz.store\/produto\/cream-rice-1-kg\/#breadcrumb"},"inLanguage":"en-US","potentialAction":[{"@type":"ReadAction","target":["https:\/\/fuelxgainz.store\/produto\/cream-rice-1-kg\/"]}]},{"@type":"ImageObject","inLanguage":"en-US","@id":"https:\/\/fuelxgainz.store\/produto\/cream-rice-1-kg\/#primaryimage","url":"https:\/\/fuelxgainz.store\/wp-content\/uploads\/2025\/05\/Frame-66.png","contentUrl":"https:\/\/fuelxgainz.store\/wp-content\/uploads\/2025\/05\/Frame-66.png","width":600,"height":471},{"@type":"BreadcrumbList","@id":"https:\/\/fuelxgainz.store\/produto\/cream-rice-1-kg\/#breadcrumb","itemListElement":[{"@type":"ListItem","position":1,"name":"Home","item":"https:\/\/fuelxgainz.store\/"},{"@type":"ListItem","position":2,"name":"Produtos","item":"https:\/\/fuelxgainz.store\/produtos\/"},{"@type":"ListItem","position":3,"name":"Cream rice &#8211; 1 kg"}]},{"@type":"WebSite","@id":"https:\/\/fuelxgainz.store\/#website","url":"https:\/\/fuelxgainz.store\/","name":"Fuel X Gainz","description":"","potentialAction":[{"@type":"SearchAction","target":{"@type":"EntryPoint","urlTemplate":"https:\/\/fuelxgainz.store\/?s={search_term_string}"},"query-input":{"@type":"PropertyValueSpecification","valueRequired":true,"valueName":"search_term_string"}}],"inLanguage":"en-US"}]}},"jetpack_sharing_enabled":true,"_links":{"self":[{"href":"https:\/\/fuelxgainz.store\/en\/wp-json\/wp\/v2\/product\/378","targetHints":{"allow":["GET"]}}],"collection":[{"href":"https:\/\/fuelxgainz.store\/en\/wp-json\/wp\/v2\/product"}],"about":[{"href":"https:\/\/fuelxgainz.store\/en\/wp-json\/wp\/v2\/types\/product"}],"replies":[{"embeddable":true,"href":"https:\/\/fuelxgainz.store\/en\/wp-json\/wp\/v2\/comments?post=378"}],"wp:featuredmedia":[{"embeddable":true,"href":"https:\/\/fuelxgainz.store\/en\/wp-json\/wp\/v2\/media\/380"}],"wp:attachment":[{"href":"https:\/\/fuelxgainz.store\/en\/wp-json\/wp\/v2\/media?parent=378"}],"wp:term":[{"taxonomy":"product_brand","embeddable":true,"href":"https:\/\/fuelxgainz.store\/en\/wp-json\/wp\/v2\/product_brand?post=378"},{"taxonomy":"product_cat","embeddable":true,"href":"https:\/\/fuelxgainz.store\/en\/wp-json\/wp\/v2\/product_cat?post=378"},{"taxonomy":"product_tag","embeddable":true,"href":"https:\/\/fuelxgainz.store\/en\/wp-json\/wp\/v2\/product_tag?post=378"}],"curies":[{"name":"wp","href":"https:\/\/api.w.org\/{rel}","templated":true}]}}