{"id":371,"date":"2025-05-28T15:41:48","date_gmt":"2025-05-28T15:41:48","guid":{"rendered":"https:\/\/fuelxgainz.store\/?post_type=product&#038;p=371"},"modified":"2025-05-28T15:41:49","modified_gmt":"2025-05-28T15:41:49","slug":"dextrose-1-kg","status":"publish","type":"product","link":"https:\/\/fuelxgainz.store\/en\/product\/dextrose-1-kg\/","title":{"rendered":"Dextrose &#8211; 1 kg"},"content":{"rendered":"<p><strong data-start=\"0\" data-end=\"20\">Dextrose Hydrate<\/strong> provides pure dextrose powder \u2014 a fast-absorbing carbohydrate that delivers an instant energy supply. It's ideal for athletes who need a quick energy boost during or after intense training. The neutral powder formula dissolves easily and can be added to any sports drink.<\/p>\n<p>&nbsp;<\/p>\n<h3 data-start=\"359\" data-end=\"378\"><strong data-start=\"363\" data-end=\"376\">Description<\/strong><\/h3>\n<p data-start=\"379\" data-end=\"778\"><strong data-start=\"379\" data-end=\"391\">Dextrose<\/strong> is a powdered supplement that offers a fast and effective source of energy thanks to its pure dextrose content. It's especially recommended for athletes and active individuals who need to maintain and restore energy levels before, during, and after exercise. With easy dissolution and flavoured or unflavoured options, <strong data-start=\"691\" data-end=\"703\">Dextrose<\/strong> is a practical choice to enhance performance and accelerate recovery.<\/p>\n<p data-start=\"379\" data-end=\"778\">\n<h3 data-start=\"785\" data-end=\"807\"><strong data-start=\"789\" data-end=\"805\">Ingredients<\/strong><\/h3>\n<ul data-start=\"808\" data-end=\"924\">\n<li data-start=\"808\" data-end=\"826\">\n<p data-start=\"810\" data-end=\"826\">Dextrose powder<\/p>\n<\/li>\n<li data-start=\"827\" data-end=\"924\">\n<p data-start=\"829\" data-end=\"924\">Flavouring (only in flavoured versions)<br data-start=\"865\" data-end=\"868\" \/><em data-start=\"868\" data-end=\"924\">Unflavoured version: 100% dextrose powder, no added flavourings.<\/em><\/p>\n<\/li>\n<\/ul>\n<p>&nbsp;<\/p>\n<h3 data-start=\"931\" data-end=\"959\"><strong data-start=\"935\" data-end=\"957\">Directions for Use<\/strong><\/h3>\n<p data-start=\"960\" data-end=\"1122\">Mix one serving of <strong data-start=\"980\" data-end=\"992\">Dextrose<\/strong> with water or your preferred sports drink for a fast energy source. Consume <strong data-start=\"1086\" data-end=\"1121\">before, during, or after training<\/strong>.<\/p>\n<p data-start=\"960\" data-end=\"1122\">\n<h3 data-start=\"1129\" data-end=\"1151\"><strong data-start=\"1133\" data-end=\"1149\">Warnings<\/strong><\/h3>\n<ul data-start=\"1152\" data-end=\"1294\">\n<li data-start=\"1152\" data-end=\"1247\">\n<p data-start=\"1154\" data-end=\"1247\">Consult your doctor before use, especially if you have any medical condition.<\/p>\n<\/li>\n<li data-start=\"1248\" data-end=\"1294\">\n<p data-start=\"1250\" data-end=\"1294\">Do not use as the sole source of nutrition.<\/p>\n<\/li>\n<\/ul>\n<p>&nbsp;<\/p>\n<h3 data-start=\"1301\" data-end=\"1321\"><strong data-start=\"1305\" data-end=\"1319\">Benefits<\/strong><\/h3>\n<ul data-start=\"1322\" data-end=\"1541\">\n<li data-start=\"1322\" data-end=\"1342\">\n<p data-start=\"1324\" data-end=\"1342\">Immediate energy<\/p>\n<\/li>\n<li data-start=\"1343\" data-end=\"1379\">\n<p data-start=\"1345\" data-end=\"1379\">Fast absorption and easy digestion<\/p>\n<\/li>\n<li data-start=\"1380\" data-end=\"1437\">\n<p data-start=\"1382\" data-end=\"1437\">Fat- and protein-free \u2014 only carbohydrates<\/p>\n<\/li>\n<li data-start=\"1438\" data-end=\"1491\">\n<p data-start=\"1440\" data-end=\"1491\">Ideal before, during, and after physical exercise<\/p>\n<\/li>\n<li data-start=\"1492\" data-end=\"1541\">\n<p data-start=\"1494\" data-end=\"1541\">Enhances performance and supports recovery<\/p>\n<\/li>\n<\/ul>\n<p>&nbsp;<\/p>\n<h3 data-start=\"1596\" data-end=\"1636\"><strong data-start=\"1600\" data-end=\"1634\">Recommended Timing<\/strong><\/h3>\n<ul data-start=\"1637\" data-end=\"1673\">\n<li data-start=\"1637\" data-end=\"1673\">\n<p data-start=\"1639\" data-end=\"1673\"><strong data-start=\"1639\" data-end=\"1673\">Before, during, and after training<\/strong><\/p>\n<\/li>\n<\/ul>","protected":false},"excerpt":{"rendered":"<p>Dextrose Hydrate is a powdered supplement with pure dextrose, a fast-absorbing carbohydrate that provides immediate energy. Ideal before, during, or after intense workouts, it helps maintain performance and speeds up recovery. The unflavoured version is 100% dextrose with no added flavourings.<\/p>","protected":false},"featured_media":372,"comment_status":"open","ping_status":"closed","template":"","meta":{"_acf_changed":false},"product_brand":[32],"product_cat":[31],"product_tag":[],"class_list":{"0":"post-371","1":"product","2":"type-product","3":"status-publish","4":"has-post-thumbnail","6":"product_brand-american-nutrition","7":"product_cat-carboidratos","9":"first","10":"instock","11":"sale","12":"shipping-taxable","13":"purchasable","14":"product-type-variable"},"acf":[],"yoast_head":"<!-- This site is optimized with the Yoast SEO plugin v27.0 - https:\/\/yoast.com\/product\/yoast-seo-wordpress\/ -->\n<title>Dextrose - 1 kg - Fuel X Gainz<\/title>\n<meta name=\"robots\" content=\"index, follow, max-snippet:-1, max-image-preview:large, max-video-preview:-1\" \/>\n<link rel=\"canonical\" href=\"https:\/\/fuelxgainz.store\/en\/product\/dextrose-1-kg\/\" \/>\n<meta property=\"og:locale\" content=\"en_US\" \/>\n<meta property=\"og:type\" content=\"article\" \/>\n<meta property=\"og:title\" content=\"Dextrose - 1 kg - Fuel X Gainz\" \/>\n<meta property=\"og:description\" content=\"Dextrose Hydrate \u00e9 um suplemento em p\u00f3 com dextrose pura, um hidrato de carbono de r\u00e1pida absor\u00e7\u00e3o que fornece energia imediata. Ideal para antes, durante ou ap\u00f3s treinos intensos, ajuda a manter o desempenho e acelera a recupera\u00e7\u00e3o. A vers\u00e3o neutra \u00e9 100% dextrose, sem aromatizantes.\" \/>\n<meta property=\"og:url\" content=\"https:\/\/fuelxgainz.store\/en\/product\/dextrose-1-kg\/\" \/>\n<meta property=\"og:site_name\" content=\"Fuel X Gainz\" \/>\n<meta property=\"article:modified_time\" content=\"2025-05-28T15:41:49+00:00\" \/>\n<meta property=\"og:image\" content=\"https:\/\/fuelxgainz.store\/wp-content\/uploads\/2025\/05\/Frame-65.png\" \/>\n\t<meta property=\"og:image:width\" content=\"600\" \/>\n\t<meta property=\"og:image:height\" content=\"471\" \/>\n\t<meta property=\"og:image:type\" content=\"image\/png\" \/>\n<meta name=\"twitter:card\" content=\"summary_large_image\" \/>\n<meta name=\"twitter:label1\" content=\"Est. reading time\" \/>\n\t<meta name=\"twitter:data1\" content=\"1 minute\" \/>\n<script type=\"application\/ld+json\" class=\"yoast-schema-graph\">{\"@context\":\"https:\/\/schema.org\",\"@graph\":[{\"@type\":\"WebPage\",\"@id\":\"https:\/\/fuelxgainz.store\/produto\/dextrose-1-kg\/\",\"url\":\"https:\/\/fuelxgainz.store\/produto\/dextrose-1-kg\/\",\"name\":\"Dextrose - 1 kg - Fuel X Gainz\",\"isPartOf\":{\"@id\":\"https:\/\/fuelxgainz.store\/#website\"},\"primaryImageOfPage\":{\"@id\":\"https:\/\/fuelxgainz.store\/produto\/dextrose-1-kg\/#primaryimage\"},\"image\":{\"@id\":\"https:\/\/fuelxgainz.store\/produto\/dextrose-1-kg\/#primaryimage\"},\"thumbnailUrl\":\"https:\/\/fuelxgainz.store\/wp-content\/uploads\/2025\/05\/Frame-65.png\",\"datePublished\":\"2025-05-28T15:41:48+00:00\",\"dateModified\":\"2025-05-28T15:41:49+00:00\",\"breadcrumb\":{\"@id\":\"https:\/\/fuelxgainz.store\/produto\/dextrose-1-kg\/#breadcrumb\"},\"inLanguage\":\"en-US\",\"potentialAction\":[{\"@type\":\"ReadAction\",\"target\":[\"https:\/\/fuelxgainz.store\/produto\/dextrose-1-kg\/\"]}]},{\"@type\":\"ImageObject\",\"inLanguage\":\"en-US\",\"@id\":\"https:\/\/fuelxgainz.store\/produto\/dextrose-1-kg\/#primaryimage\",\"url\":\"https:\/\/fuelxgainz.store\/wp-content\/uploads\/2025\/05\/Frame-65.png\",\"contentUrl\":\"https:\/\/fuelxgainz.store\/wp-content\/uploads\/2025\/05\/Frame-65.png\",\"width\":600,\"height\":471},{\"@type\":\"BreadcrumbList\",\"@id\":\"https:\/\/fuelxgainz.store\/produto\/dextrose-1-kg\/#breadcrumb\",\"itemListElement\":[{\"@type\":\"ListItem\",\"position\":1,\"name\":\"Home\",\"item\":\"https:\/\/fuelxgainz.store\/\"},{\"@type\":\"ListItem\",\"position\":2,\"name\":\"Produtos\",\"item\":\"https:\/\/fuelxgainz.store\/produtos\/\"},{\"@type\":\"ListItem\",\"position\":3,\"name\":\"Dextrose &#8211; 1 kg\"}]},{\"@type\":\"WebSite\",\"@id\":\"https:\/\/fuelxgainz.store\/#website\",\"url\":\"https:\/\/fuelxgainz.store\/\",\"name\":\"Fuel X Gainz\",\"description\":\"\",\"potentialAction\":[{\"@type\":\"SearchAction\",\"target\":{\"@type\":\"EntryPoint\",\"urlTemplate\":\"https:\/\/fuelxgainz.store\/?s={search_term_string}\"},\"query-input\":{\"@type\":\"PropertyValueSpecification\",\"valueRequired\":true,\"valueName\":\"search_term_string\"}}],\"inLanguage\":\"en-US\"}]}<\/script>\n<!-- \/ Yoast SEO plugin. -->","yoast_head_json":{"title":"Dextrose - 1 kg - Fuel X Gainz","robots":{"index":"index","follow":"follow","max-snippet":"max-snippet:-1","max-image-preview":"max-image-preview:large","max-video-preview":"max-video-preview:-1"},"canonical":"https:\/\/fuelxgainz.store\/en\/product\/dextrose-1-kg\/","og_locale":"en_US","og_type":"article","og_title":"Dextrose - 1 kg - Fuel X Gainz","og_description":"Dextrose Hydrate \u00e9 um suplemento em p\u00f3 com dextrose pura, um hidrato de carbono de r\u00e1pida absor\u00e7\u00e3o que fornece energia imediata. Ideal para antes, durante ou ap\u00f3s treinos intensos, ajuda a manter o desempenho e acelera a recupera\u00e7\u00e3o. A vers\u00e3o neutra \u00e9 100% dextrose, sem aromatizantes.","og_url":"https:\/\/fuelxgainz.store\/en\/product\/dextrose-1-kg\/","og_site_name":"Fuel X Gainz","article_modified_time":"2025-05-28T15:41:49+00:00","og_image":[{"width":600,"height":471,"url":"https:\/\/fuelxgainz.store\/wp-content\/uploads\/2025\/05\/Frame-65.png","type":"image\/png"}],"twitter_card":"summary_large_image","twitter_misc":{"Est. reading time":"1 minute"},"schema":{"@context":"https:\/\/schema.org","@graph":[{"@type":"WebPage","@id":"https:\/\/fuelxgainz.store\/produto\/dextrose-1-kg\/","url":"https:\/\/fuelxgainz.store\/produto\/dextrose-1-kg\/","name":"Dextrose - 1 kg - Fuel X Gainz","isPartOf":{"@id":"https:\/\/fuelxgainz.store\/#website"},"primaryImageOfPage":{"@id":"https:\/\/fuelxgainz.store\/produto\/dextrose-1-kg\/#primaryimage"},"image":{"@id":"https:\/\/fuelxgainz.store\/produto\/dextrose-1-kg\/#primaryimage"},"thumbnailUrl":"https:\/\/fuelxgainz.store\/wp-content\/uploads\/2025\/05\/Frame-65.png","datePublished":"2025-05-28T15:41:48+00:00","dateModified":"2025-05-28T15:41:49+00:00","breadcrumb":{"@id":"https:\/\/fuelxgainz.store\/produto\/dextrose-1-kg\/#breadcrumb"},"inLanguage":"en-US","potentialAction":[{"@type":"ReadAction","target":["https:\/\/fuelxgainz.store\/produto\/dextrose-1-kg\/"]}]},{"@type":"ImageObject","inLanguage":"en-US","@id":"https:\/\/fuelxgainz.store\/produto\/dextrose-1-kg\/#primaryimage","url":"https:\/\/fuelxgainz.store\/wp-content\/uploads\/2025\/05\/Frame-65.png","contentUrl":"https:\/\/fuelxgainz.store\/wp-content\/uploads\/2025\/05\/Frame-65.png","width":600,"height":471},{"@type":"BreadcrumbList","@id":"https:\/\/fuelxgainz.store\/produto\/dextrose-1-kg\/#breadcrumb","itemListElement":[{"@type":"ListItem","position":1,"name":"Home","item":"https:\/\/fuelxgainz.store\/"},{"@type":"ListItem","position":2,"name":"Produtos","item":"https:\/\/fuelxgainz.store\/produtos\/"},{"@type":"ListItem","position":3,"name":"Dextrose &#8211; 1 kg"}]},{"@type":"WebSite","@id":"https:\/\/fuelxgainz.store\/#website","url":"https:\/\/fuelxgainz.store\/","name":"Fuel X Gainz","description":"","potentialAction":[{"@type":"SearchAction","target":{"@type":"EntryPoint","urlTemplate":"https:\/\/fuelxgainz.store\/?s={search_term_string}"},"query-input":{"@type":"PropertyValueSpecification","valueRequired":true,"valueName":"search_term_string"}}],"inLanguage":"en-US"}]}},"jetpack_sharing_enabled":true,"_links":{"self":[{"href":"https:\/\/fuelxgainz.store\/en\/wp-json\/wp\/v2\/product\/371","targetHints":{"allow":["GET"]}}],"collection":[{"href":"https:\/\/fuelxgainz.store\/en\/wp-json\/wp\/v2\/product"}],"about":[{"href":"https:\/\/fuelxgainz.store\/en\/wp-json\/wp\/v2\/types\/product"}],"replies":[{"embeddable":true,"href":"https:\/\/fuelxgainz.store\/en\/wp-json\/wp\/v2\/comments?post=371"}],"wp:featuredmedia":[{"embeddable":true,"href":"https:\/\/fuelxgainz.store\/en\/wp-json\/wp\/v2\/media\/372"}],"wp:attachment":[{"href":"https:\/\/fuelxgainz.store\/en\/wp-json\/wp\/v2\/media?parent=371"}],"wp:term":[{"taxonomy":"product_brand","embeddable":true,"href":"https:\/\/fuelxgainz.store\/en\/wp-json\/wp\/v2\/product_brand?post=371"},{"taxonomy":"product_cat","embeddable":true,"href":"https:\/\/fuelxgainz.store\/en\/wp-json\/wp\/v2\/product_cat?post=371"},{"taxonomy":"product_tag","embeddable":true,"href":"https:\/\/fuelxgainz.store\/en\/wp-json\/wp\/v2\/product_tag?post=371"}],"curies":[{"name":"wp","href":"https:\/\/api.w.org\/{rel}","templated":true}]}}