{"id":349,"date":"2025-05-27T16:32:15","date_gmt":"2025-05-27T16:32:15","guid":{"rendered":"https:\/\/fuelxgainz.store\/?post_type=product&#038;p=349"},"modified":"2025-05-28T13:04:42","modified_gmt":"2025-05-28T13:04:42","slug":"savior-950g","status":"publish","type":"product","link":"https:\/\/fuelxgainz.store\/en\/product\/savior-950g\/","title":{"rendered":"Savior &#8211; 950g"},"content":{"rendered":"<p>A ci\u00eancia avan\u00e7ada levou \u00e0 mistura dos mais fortes agentes amino\u00e1cidos da mais alta qualidade mais agentes de apoio extra para o crescimento e recupera\u00e7\u00e3o muscular,\u00a0<em>Savior\u00a0<\/em>Cont\u00e9m uma mistura de hidratos de carbono feita do famoso aglomerado Dextrina para reabastecer o armazenamento de Glicog\u00e9nio, tamb\u00e9m cont\u00e9m amino\u00e1cidos essenciais para garantir que o corpo est\u00e1 num estado anab\u00f3lico ao lado da creatina.<\/p>\n<p>&nbsp;<\/p>\n<h3>Introdu\u00e7\u00e3o do produto:<\/h3>\n<p>Chegou finalmente um p\u00f3s-treino para o salvar depois do seu treino intenso.<\/p>\n<p>A ci\u00eancia avan\u00e7ada levou \u00e0 mistura dos mais fortes agentes amino\u00e1cidos da mais alta qualidade mais agentes de apoio extra para o crescimento e recupera\u00e7\u00e3o muscular,\u00a0<em>Savior\u00a0<\/em>Cont\u00e9m uma mistura de hidratos de carbono feita do famoso aglomerado Dextrina para reabastecer o armazenamento de Glicog\u00e9nio, tamb\u00e9m cont\u00e9m amino\u00e1cidos essenciais para garantir que o corpo est\u00e1 num estado anab\u00f3lico ao lado da creatina.<\/p>\n<p>Estes ingredientes \u00fanicos protegem, preservam e reabastecem o precioso glicog\u00e9nio muscular e ajudam-no a obter um in\u00edcio de recupera\u00e7\u00e3o anab\u00f3lico \/ anti-catab\u00f3lico dos seus treinos. Outro grande benef\u00edcio: n\u00e3o perturbar\u00e1 o seu est\u00f4mago (ao contr\u00e1rio de tantas outras f\u00f3rmulas). O processo de constru\u00e7\u00e3o muscular necessita de uma recupera\u00e7\u00e3o adequada que come\u00e7a no momento em que se termina o treino.<\/p>\n<p>&nbsp;<\/p>\n<h3>Ingredientes:<\/h3>\n<p>Ciclo dextrina, Amido de milho ceroso Sulfitos, Creatina Mono-Hidratada, L-Glutamina, EAAs (L-Leucina, L-Lisina, L-Fenilalanina, L-Valina, L-Treonina, L-Isoleucina, L-Metionina, L-Histidina, L-Triptofano), Dextrosa, Sabor, Agente anticaking (di\u00f3xido de sil\u00edcio), Regulador da acidez (\u00e1cido c\u00edtrico), Corante (Beterraba), Edulcorante (sucralose E955), Cloreto de pot\u00e1ssio, \u00d3xido de magn\u00e9sio, Carbonato de c\u00e1lcio, Cloreto de s\u00f3dio, Vitaminas: Cloridrato de piridoxina (vitamina B6), Colecalciferol (vitamina D), Cianocobalamina (Vitamina B12).<\/p>\n<p>&nbsp;<\/p>\n<h3>Benef\u00edcios do produto:<\/h3>\n<p><strong>\u2013 Aumento do crescimento muscular<\/strong><\/p>\n<p><strong>\u2013 Aumento da for\u00e7a e o poder<\/strong><\/p>\n<p><strong>\u2013 R\u00e1pida absor\u00e7\u00e3o do glicog\u00e9nio pelos m\u00fasculos ap\u00f3s o treino<\/strong><\/p>\n<p><strong>\u2013 Aumento da for\u00e7a e do desempenho f\u00edsico<\/strong><\/p>\n<p>&nbsp;<\/p>\n<h3>A ci\u00eancia por detr\u00e1s da f\u00f3rmula:<\/h3>\n<ul>\n<li><em>Savior\u00a0<\/em>cont\u00e9m dextrina c\u00edclica altamente ramificada (como 10 gramas de Dextrina C\u00edclica\u00ae) para melhorar o esvaziamento g\u00e1strico<sup>1<\/sup>\u00a0e minimizar o desconforto gastrointestinal durante o exerc\u00edcio [incluindo arrotos e g\u00e1s, que o seu parceiro de treino ir\u00e1 apreciar<sup>2<\/sup>]. Ao transportar mais rapidamente a glicose do est\u00f4mago<sup>3,4<\/sup>\u00a0para o intestino delgado e corrente sangu\u00ednea<sup>5<\/sup>, a Dextrina C\u00edclica pode melhorar o desempenho<sup>6-8<\/sup>, e manter n\u00edveis mais elevados de glicog\u00e9nio durante o exerc\u00edcio<sup>9<\/sup>, dando-lhe uma vantagem na recupera\u00e7\u00e3o para o seu pr\u00f3ximo treino<sup>10<\/sup>.<\/li>\n<li>Para assegurar uma eleva\u00e7\u00e3o sustentada e sem colis\u00f5es da glicemia durante o seu treino ou sempre que consumiu\u00a0<em>Savior<\/em>, inclu\u00edmos tamb\u00e9m 5 gramas de Maltodextrin em\u00a0<em>Savior<\/em>. A maltodextrina \u00e9 um dissacar\u00eddeo que produz um aumento constante da glucose no sangue, mas a um n\u00edvel de base muito inferior at\u00e9 mesmo ao a\u00e7\u00facar de mesa<sup>11<\/sup>.<\/li>\n<li>Por \u00faltimo, inclu\u00edmos uma pequena quantidade de Dextrose (glucose), a fonte de hidratos de carbono geralmente utilizada como padr\u00e3o para determinar o \u00edndice glic\u00e9mico (GI). A IG da dextrose \u00e9 superior a essencialmente todos os tipos de produtos de arroz, por exemplo, a r\u00e1pida entrada de Dextrose na corrente sangu\u00ednea ir\u00e1 promover a liberta\u00e7\u00e3o de insulina, pelo que a inclus\u00e3o de uma pequena quantidade em\u00a0<em>Savior\u00a0<\/em>favorece o equil\u00edbrio positivo da s\u00edntese e ruptura das prote\u00ednas musculares esquel\u00e9ticas que todos procuramos, desde que tenhamos sido suficientemente diligentes para consumir prote\u00ednas com os nossos hidratos de carbono.<\/li>\n<li><strong>Leucina<\/strong>\u00a0\u2013 o amino mais poderoso para estimular a s\u00edntese proteica do m\u00fasculo esquel\u00e9tico atrav\u00e9s do mTOR.<\/li>\n<li><strong>Fenilalanina<\/strong>\u00a0\u2013 um precursor da tirosina, que sinaliza dopamina, norepinefrina, e epinefrina.<\/li>\n<li><strong>Lisina<\/strong>\u00a0\u2013 um bloco de constru\u00e7\u00e3o necess\u00e1rio para a prote\u00edna muscular, desempenha um papel importante na absor\u00e7\u00e3o do c\u00e1lcio, melhora a recupera\u00e7\u00e3o e ajuda na produ\u00e7\u00e3o de hormonas, enzimas e anticorpos pelo organismo.<\/li>\n<li><strong>Valina<\/strong>\u2013 necess\u00e1ria para o metabolismo muscular, repara\u00e7\u00e3o e crescimento e mant\u00e9m o equil\u00edbrio de nitrog\u00e9nio no corpo.<\/li>\n<li><strong>Threonine<\/strong>\u00a0\u2013 um componente chave das prote\u00ednas de colag\u00e9nio, elastina, e esmalte, ajuda a digest\u00e3o e as vias intestinais e melhora a imunidade, dissimula a glicina que reduz as contrac\u00e7\u00f5es musculares constantes e indesejadas (espasmos).<\/li>\n<li><strong>Isoleucina<\/strong>\u2013 promove a recupera\u00e7\u00e3o muscular ap\u00f3s o exerc\u00edcio, ajuda a formar hemoglobina, e ajuda na regula\u00e7\u00e3o do a\u00e7\u00facar no sangue e dos n\u00edveis de energia.<\/li>\n<li><strong>Histidina<\/strong>\u2013 necess\u00e1ria para o crescimento e repara\u00e7\u00e3o do tecido muscular, manuten\u00e7\u00e3o das bainhas de mielina que actuam como protectoras das c\u00e9lulas nervosas, fabrico de gl\u00f3bulos vermelhos e brancos, e ajuda a produ\u00e7\u00e3o de sucos g\u00e1stricos para ajudar na digest\u00e3o.<\/li>\n<li><strong>Metionina<\/strong>\u2013 actua como um excelente antioxidante, ajuda na quebra de gorduras, ajuda no sistema digestivo, e desintoxica o f\u00edgado.<\/li>\n<li><strong>L Glutamina:<\/strong>\u00a0A L-glutamina \u00e9 o amino\u00e1cido mais abundante no seu corpo. \u00c9 respons\u00e1vel por mais de 60% dos amino\u00e1cidos livres no m\u00fasculo esquel\u00e9tico, o que significa que est\u00e1 altamente concentrado no tecido muscular. Ap\u00f3s intenso exerc\u00edcio, os n\u00edveis de L-glutamina caem significativamente (at\u00e9 50%). A suplementa\u00e7\u00e3o com L-glutamina \u00e9 obrigat\u00f3ria para qualquer atleta s\u00e9rio que fa\u00e7a treino f\u00edsico. A L-glutamina tem v\u00e1rios benef\u00edcios que contribuem para o crescimento, desempenho e recupera\u00e7\u00e3o muscular: O primeiro deles \u00e9 o papel da L-glutamina na sa\u00fade muscular, minimizando a ruptura muscular e melhorando o metabolismo proteico [1, 2]. A capacidade anti-catab\u00f3lica da L-glutamina para prevenir a ruptura muscular \u00e9 especialmente ben\u00e9fica para quem est\u00e1 a fazer dieta e procura perder gordura corporal ao mesmo tempo que preserva a massa muscular.<\/li>\n<\/ul>\n","protected":false},"excerpt":{"rendered":"<p>Savior is the advanced post-workout supplement that combines cyclic dextrin, creatine, and a complete complex of essential amino acids to maximize muscle recovery, glycogen replenishment, and growth. High performance without digestive discomfort.<\/p>","protected":false},"featured_media":352,"comment_status":"open","ping_status":"closed","template":"","meta":{"_acf_changed":false},"product_brand":[23],"product_cat":[31],"product_tag":[],"class_list":{"0":"post-349","1":"product","2":"type-product","3":"status-publish","4":"has-post-thumbnail","6":"product_brand-marvelous-nutrition","7":"product_cat-carboidratos","9":"first","10":"instock","11":"sale","12":"shipping-taxable","13":"purchasable","14":"product-type-variable"},"acf":[],"yoast_head":"<!-- This site is optimized with the Yoast SEO plugin v27.0 - https:\/\/yoast.com\/product\/yoast-seo-wordpress\/ -->\n<title>Savior - 950g - Fuel X Gainz<\/title>\n<meta name=\"robots\" content=\"index, follow, max-snippet:-1, max-image-preview:large, max-video-preview:-1\" \/>\n<link rel=\"canonical\" href=\"https:\/\/fuelxgainz.store\/en\/product\/savior-950g\/\" \/>\n<meta property=\"og:locale\" content=\"en_US\" \/>\n<meta property=\"og:type\" content=\"article\" \/>\n<meta property=\"og:title\" content=\"Savior - 950g - Fuel X Gainz\" \/>\n<meta property=\"og:description\" content=\"Savior \u00e9 o p\u00f3s-treino avan\u00e7ado que combina dextrina c\u00edclica, creatina e um complexo completo de amino\u00e1cidos essenciais para maximizar a recupera\u00e7\u00e3o muscular, a reposi\u00e7\u00e3o de glicog\u00e9nio e o crescimento. Alta performance, sem desconforto digestivo.\" \/>\n<meta property=\"og:url\" content=\"https:\/\/fuelxgainz.store\/en\/product\/savior-950g\/\" \/>\n<meta property=\"og:site_name\" content=\"Fuel X Gainz\" \/>\n<meta property=\"article:modified_time\" content=\"2025-05-28T13:04:42+00:00\" \/>\n<meta property=\"og:image\" content=\"https:\/\/fuelxgainz.store\/wp-content\/uploads\/2025\/05\/Frame-62.png\" \/>\n\t<meta property=\"og:image:width\" content=\"600\" \/>\n\t<meta property=\"og:image:height\" content=\"471\" \/>\n\t<meta property=\"og:image:type\" content=\"image\/png\" \/>\n<meta name=\"twitter:card\" content=\"summary_large_image\" \/>\n<meta name=\"twitter:label1\" content=\"Est. reading time\" \/>\n\t<meta name=\"twitter:data1\" content=\"4 minutes\" \/>\n<script type=\"application\/ld+json\" class=\"yoast-schema-graph\">{\"@context\":\"https:\/\/schema.org\",\"@graph\":[{\"@type\":\"WebPage\",\"@id\":\"https:\/\/fuelxgainz.store\/produto\/savior-950g\/\",\"url\":\"https:\/\/fuelxgainz.store\/produto\/savior-950g\/\",\"name\":\"Savior - 950g - Fuel X Gainz\",\"isPartOf\":{\"@id\":\"https:\/\/fuelxgainz.store\/#website\"},\"primaryImageOfPage\":{\"@id\":\"https:\/\/fuelxgainz.store\/produto\/savior-950g\/#primaryimage\"},\"image\":{\"@id\":\"https:\/\/fuelxgainz.store\/produto\/savior-950g\/#primaryimage\"},\"thumbnailUrl\":\"https:\/\/fuelxgainz.store\/wp-content\/uploads\/2025\/05\/Frame-62.png\",\"datePublished\":\"2025-05-27T16:32:15+00:00\",\"dateModified\":\"2025-05-28T13:04:42+00:00\",\"breadcrumb\":{\"@id\":\"https:\/\/fuelxgainz.store\/produto\/savior-950g\/#breadcrumb\"},\"inLanguage\":\"en-US\",\"potentialAction\":[{\"@type\":\"ReadAction\",\"target\":[\"https:\/\/fuelxgainz.store\/produto\/savior-950g\/\"]}]},{\"@type\":\"ImageObject\",\"inLanguage\":\"en-US\",\"@id\":\"https:\/\/fuelxgainz.store\/produto\/savior-950g\/#primaryimage\",\"url\":\"https:\/\/fuelxgainz.store\/wp-content\/uploads\/2025\/05\/Frame-62.png\",\"contentUrl\":\"https:\/\/fuelxgainz.store\/wp-content\/uploads\/2025\/05\/Frame-62.png\",\"width\":600,\"height\":471},{\"@type\":\"BreadcrumbList\",\"@id\":\"https:\/\/fuelxgainz.store\/produto\/savior-950g\/#breadcrumb\",\"itemListElement\":[{\"@type\":\"ListItem\",\"position\":1,\"name\":\"Home\",\"item\":\"https:\/\/fuelxgainz.store\/\"},{\"@type\":\"ListItem\",\"position\":2,\"name\":\"Produtos\",\"item\":\"https:\/\/fuelxgainz.store\/produtos\/\"},{\"@type\":\"ListItem\",\"position\":3,\"name\":\"Savior &#8211; 950g\"}]},{\"@type\":\"WebSite\",\"@id\":\"https:\/\/fuelxgainz.store\/#website\",\"url\":\"https:\/\/fuelxgainz.store\/\",\"name\":\"Fuel X Gainz\",\"description\":\"\",\"potentialAction\":[{\"@type\":\"SearchAction\",\"target\":{\"@type\":\"EntryPoint\",\"urlTemplate\":\"https:\/\/fuelxgainz.store\/?s={search_term_string}\"},\"query-input\":{\"@type\":\"PropertyValueSpecification\",\"valueRequired\":true,\"valueName\":\"search_term_string\"}}],\"inLanguage\":\"en-US\"}]}<\/script>\n<!-- \/ Yoast SEO plugin. -->","yoast_head_json":{"title":"Savior - 950g - Fuel X Gainz","robots":{"index":"index","follow":"follow","max-snippet":"max-snippet:-1","max-image-preview":"max-image-preview:large","max-video-preview":"max-video-preview:-1"},"canonical":"https:\/\/fuelxgainz.store\/en\/product\/savior-950g\/","og_locale":"en_US","og_type":"article","og_title":"Savior - 950g - Fuel X Gainz","og_description":"Savior \u00e9 o p\u00f3s-treino avan\u00e7ado que combina dextrina c\u00edclica, creatina e um complexo completo de amino\u00e1cidos essenciais para maximizar a recupera\u00e7\u00e3o muscular, a reposi\u00e7\u00e3o de glicog\u00e9nio e o crescimento. Alta performance, sem desconforto digestivo.","og_url":"https:\/\/fuelxgainz.store\/en\/product\/savior-950g\/","og_site_name":"Fuel X Gainz","article_modified_time":"2025-05-28T13:04:42+00:00","og_image":[{"width":600,"height":471,"url":"https:\/\/fuelxgainz.store\/wp-content\/uploads\/2025\/05\/Frame-62.png","type":"image\/png"}],"twitter_card":"summary_large_image","twitter_misc":{"Est. reading time":"4 minutes"},"schema":{"@context":"https:\/\/schema.org","@graph":[{"@type":"WebPage","@id":"https:\/\/fuelxgainz.store\/produto\/savior-950g\/","url":"https:\/\/fuelxgainz.store\/produto\/savior-950g\/","name":"Savior - 950g - Fuel X Gainz","isPartOf":{"@id":"https:\/\/fuelxgainz.store\/#website"},"primaryImageOfPage":{"@id":"https:\/\/fuelxgainz.store\/produto\/savior-950g\/#primaryimage"},"image":{"@id":"https:\/\/fuelxgainz.store\/produto\/savior-950g\/#primaryimage"},"thumbnailUrl":"https:\/\/fuelxgainz.store\/wp-content\/uploads\/2025\/05\/Frame-62.png","datePublished":"2025-05-27T16:32:15+00:00","dateModified":"2025-05-28T13:04:42+00:00","breadcrumb":{"@id":"https:\/\/fuelxgainz.store\/produto\/savior-950g\/#breadcrumb"},"inLanguage":"en-US","potentialAction":[{"@type":"ReadAction","target":["https:\/\/fuelxgainz.store\/produto\/savior-950g\/"]}]},{"@type":"ImageObject","inLanguage":"en-US","@id":"https:\/\/fuelxgainz.store\/produto\/savior-950g\/#primaryimage","url":"https:\/\/fuelxgainz.store\/wp-content\/uploads\/2025\/05\/Frame-62.png","contentUrl":"https:\/\/fuelxgainz.store\/wp-content\/uploads\/2025\/05\/Frame-62.png","width":600,"height":471},{"@type":"BreadcrumbList","@id":"https:\/\/fuelxgainz.store\/produto\/savior-950g\/#breadcrumb","itemListElement":[{"@type":"ListItem","position":1,"name":"Home","item":"https:\/\/fuelxgainz.store\/"},{"@type":"ListItem","position":2,"name":"Produtos","item":"https:\/\/fuelxgainz.store\/produtos\/"},{"@type":"ListItem","position":3,"name":"Savior &#8211; 950g"}]},{"@type":"WebSite","@id":"https:\/\/fuelxgainz.store\/#website","url":"https:\/\/fuelxgainz.store\/","name":"Fuel X Gainz","description":"","potentialAction":[{"@type":"SearchAction","target":{"@type":"EntryPoint","urlTemplate":"https:\/\/fuelxgainz.store\/?s={search_term_string}"},"query-input":{"@type":"PropertyValueSpecification","valueRequired":true,"valueName":"search_term_string"}}],"inLanguage":"en-US"}]}},"jetpack_sharing_enabled":true,"_links":{"self":[{"href":"https:\/\/fuelxgainz.store\/en\/wp-json\/wp\/v2\/product\/349","targetHints":{"allow":["GET"]}}],"collection":[{"href":"https:\/\/fuelxgainz.store\/en\/wp-json\/wp\/v2\/product"}],"about":[{"href":"https:\/\/fuelxgainz.store\/en\/wp-json\/wp\/v2\/types\/product"}],"replies":[{"embeddable":true,"href":"https:\/\/fuelxgainz.store\/en\/wp-json\/wp\/v2\/comments?post=349"}],"wp:featuredmedia":[{"embeddable":true,"href":"https:\/\/fuelxgainz.store\/en\/wp-json\/wp\/v2\/media\/352"}],"wp:attachment":[{"href":"https:\/\/fuelxgainz.store\/en\/wp-json\/wp\/v2\/media?parent=349"}],"wp:term":[{"taxonomy":"product_brand","embeddable":true,"href":"https:\/\/fuelxgainz.store\/en\/wp-json\/wp\/v2\/product_brand?post=349"},{"taxonomy":"product_cat","embeddable":true,"href":"https:\/\/fuelxgainz.store\/en\/wp-json\/wp\/v2\/product_cat?post=349"},{"taxonomy":"product_tag","embeddable":true,"href":"https:\/\/fuelxgainz.store\/en\/wp-json\/wp\/v2\/product_tag?post=349"}],"curies":[{"name":"wp","href":"https:\/\/api.w.org\/{rel}","templated":true}]}}