{"id":138,"date":"2025-05-23T15:33:50","date_gmt":"2025-05-23T15:33:50","guid":{"rendered":"https:\/\/fuelxgainz.store\/?post_type=product&#038;p=138"},"modified":"2025-05-28T16:45:47","modified_gmt":"2025-05-28T16:45:47","slug":"bulk","status":"publish","type":"product","link":"https:\/\/fuelxgainz.store\/en\/product\/bulk\/","title":{"rendered":"Bulk &#8211; 2 kg"},"content":{"rendered":"<h3>Product Introduction:<\/h3>\n<p>The\u00a0<em>Bulk\u00a0<\/em>is your lean mass promoter.<\/p>\n<p>Not all proteins are the same, always choose the best. At Marvelous Nutrition, we only use isolated whey protein because we believe it is the best for our Super-human Athletes.<\/p>\n<p>The\u00a0<em>Bulk\u00a0<\/em>Iso-Whey is a high biological value isolated whey protein, lactose-free, gluten-free, and aspartame-free. The formula provides 26.34 grams of premium protein.<\/p>\n<p>Pure, ultrafiltered, powered by isolated whey protein to ensure no hormones or antibiotics that could affect your health. Isolated whey protein is a much faster-absorbing version of whey protein, making its high BCAA content available to your muscles almost immediately, improving growth and repair.<\/p>\n<p>It is rich in lactoferrin, \u03b1-lactalbumin, BCAAs, and essential amino acids, ensuring greater nitrogen retention and higher protein absorption compared to inferior proteins.<\/p>\n<p>Designed for all types of athletes and bodybuilders, to be used anytime during the day. Wonderful flavor and easy to mix, elevating your fitness goals to the next level.<\/p>\n<p>This is the ultimate protein choice for any athlete seeking maximum results.<\/p>\n<p>&nbsp;<\/p>\n<h3>Ingredients:<\/h3>\n<p>Cross-flow microfiltered whey protein isolate (MILK, emulsifier: soy lecithin), low-fat cocoa powder, flavor (chocolate flavor), sodium chloride, thickeners (guar gum, xanthan gum), sweeteners (sucralose).<\/p>\n<p>&nbsp;<\/p>\n<h3>Product Benefits:<\/h3>\n<p><strong>\u2013 High biological value whey protein<\/strong><br \/>\n<strong>\u2013 Wonderful flavor<\/strong><br \/>\n<strong>\u2013 Zero fat, zero carbohydrates, zero added sugars<\/strong><br \/>\n<strong>\u2013 No artificial colorants<\/strong><br \/>\n<strong>\u2013 Gluten-free and aspartame-free<\/strong><\/p>\n<p>&nbsp;<\/p>\n<h3>The science behind the formula:<\/h3>\n<p>Isolated whey protein is a superior form of protein and better absorbed by the body compared to concentrates and blends. We use a cross-flow microfiltration process in manufacturing to further improve the quality of our products, helping to eliminate any unwanted impurities and excess fats, cholesterol, and lactose; ultimately improving the absorption and digestion of\u00a0<em>Bulk\u00a0<\/em>and giving you the absolute best protein quality your body needs.<\/p>","protected":false},"excerpt":{"rendered":"<p>High-quality isolated protein, lactose-free, gluten-free, and additive-free. 26g of pure protein per serving, easy to digest and ideal for muscle recovery and growth.<\/p>","protected":false},"featured_media":259,"comment_status":"open","ping_status":"closed","template":"","meta":{"_acf_changed":false},"product_brand":[23],"product_cat":[24],"product_tag":[],"class_list":{"0":"post-138","1":"product","2":"type-product","3":"status-publish","4":"has-post-thumbnail","6":"product_brand-marvelous-nutrition","7":"product_cat-proteina","9":"first","10":"instock","11":"sale","12":"featured","13":"shipping-taxable","14":"purchasable","15":"product-type-variable"},"acf":[],"yoast_head":"<!-- This site is optimized with the Yoast SEO plugin v27.0 - https:\/\/yoast.com\/product\/yoast-seo-wordpress\/ -->\n<title>Bulk - 2 kg - Fuel X Gainz<\/title>\n<meta name=\"robots\" content=\"index, follow, max-snippet:-1, max-image-preview:large, max-video-preview:-1\" \/>\n<link rel=\"canonical\" href=\"https:\/\/fuelxgainz.store\/en\/product\/bulk\/\" \/>\n<meta property=\"og:locale\" content=\"en_US\" \/>\n<meta property=\"og:type\" content=\"article\" \/>\n<meta property=\"og:title\" content=\"Bulk - 2 kg - Fuel X Gainz\" \/>\n<meta property=\"og:description\" content=\"Prote\u00edna isolada de alta qualidade, sem lactose, gl\u00faten ou aditivos. 26g de prote\u00edna pura por dose, f\u00e1cil de digerir e ideal para recupera\u00e7\u00e3o e crescimento muscular.\" \/>\n<meta property=\"og:url\" content=\"https:\/\/fuelxgainz.store\/en\/product\/bulk\/\" \/>\n<meta property=\"og:site_name\" content=\"Fuel X Gainz\" \/>\n<meta property=\"article:modified_time\" content=\"2025-05-28T16:45:47+00:00\" \/>\n<meta property=\"og:image\" content=\"https:\/\/fuelxgainz.store\/wp-content\/uploads\/2025\/05\/Frame-54.png\" \/>\n\t<meta property=\"og:image:width\" content=\"600\" \/>\n\t<meta property=\"og:image:height\" content=\"471\" \/>\n\t<meta property=\"og:image:type\" content=\"image\/png\" \/>\n<meta name=\"twitter:card\" content=\"summary_large_image\" \/>\n<meta name=\"twitter:label1\" content=\"Est. reading time\" \/>\n\t<meta name=\"twitter:data1\" content=\"2 minutes\" \/>\n<script type=\"application\/ld+json\" class=\"yoast-schema-graph\">{\"@context\":\"https:\/\/schema.org\",\"@graph\":[{\"@type\":\"WebPage\",\"@id\":\"https:\/\/fuelxgainz.store\/produto\/bulk\/\",\"url\":\"https:\/\/fuelxgainz.store\/produto\/bulk\/\",\"name\":\"Bulk - 2 kg - Fuel X Gainz\",\"isPartOf\":{\"@id\":\"https:\/\/fuelxgainz.store\/#website\"},\"primaryImageOfPage\":{\"@id\":\"https:\/\/fuelxgainz.store\/produto\/bulk\/#primaryimage\"},\"image\":{\"@id\":\"https:\/\/fuelxgainz.store\/produto\/bulk\/#primaryimage\"},\"thumbnailUrl\":\"https:\/\/fuelxgainz.store\/wp-content\/uploads\/2025\/05\/Frame-54.png\",\"datePublished\":\"2025-05-23T15:33:50+00:00\",\"dateModified\":\"2025-05-28T16:45:47+00:00\",\"breadcrumb\":{\"@id\":\"https:\/\/fuelxgainz.store\/produto\/bulk\/#breadcrumb\"},\"inLanguage\":\"en-US\",\"potentialAction\":[{\"@type\":\"ReadAction\",\"target\":[\"https:\/\/fuelxgainz.store\/produto\/bulk\/\"]}]},{\"@type\":\"ImageObject\",\"inLanguage\":\"en-US\",\"@id\":\"https:\/\/fuelxgainz.store\/produto\/bulk\/#primaryimage\",\"url\":\"https:\/\/fuelxgainz.store\/wp-content\/uploads\/2025\/05\/Frame-54.png\",\"contentUrl\":\"https:\/\/fuelxgainz.store\/wp-content\/uploads\/2025\/05\/Frame-54.png\",\"width\":600,\"height\":471},{\"@type\":\"BreadcrumbList\",\"@id\":\"https:\/\/fuelxgainz.store\/produto\/bulk\/#breadcrumb\",\"itemListElement\":[{\"@type\":\"ListItem\",\"position\":1,\"name\":\"Home\",\"item\":\"https:\/\/fuelxgainz.store\/\"},{\"@type\":\"ListItem\",\"position\":2,\"name\":\"Produtos\",\"item\":\"https:\/\/fuelxgainz.store\/produtos\/\"},{\"@type\":\"ListItem\",\"position\":3,\"name\":\"Bulk &#8211; 2 kg\"}]},{\"@type\":\"WebSite\",\"@id\":\"https:\/\/fuelxgainz.store\/#website\",\"url\":\"https:\/\/fuelxgainz.store\/\",\"name\":\"Fuel X Gainz\",\"description\":\"\",\"potentialAction\":[{\"@type\":\"SearchAction\",\"target\":{\"@type\":\"EntryPoint\",\"urlTemplate\":\"https:\/\/fuelxgainz.store\/?s={search_term_string}\"},\"query-input\":{\"@type\":\"PropertyValueSpecification\",\"valueRequired\":true,\"valueName\":\"search_term_string\"}}],\"inLanguage\":\"en-US\"}]}<\/script>\n<!-- \/ Yoast SEO plugin. -->","yoast_head_json":{"title":"Bulk - 2 kg - Fuel X Gainz","robots":{"index":"index","follow":"follow","max-snippet":"max-snippet:-1","max-image-preview":"max-image-preview:large","max-video-preview":"max-video-preview:-1"},"canonical":"https:\/\/fuelxgainz.store\/en\/product\/bulk\/","og_locale":"en_US","og_type":"article","og_title":"Bulk - 2 kg - Fuel X Gainz","og_description":"Prote\u00edna isolada de alta qualidade, sem lactose, gl\u00faten ou aditivos. 26g de prote\u00edna pura por dose, f\u00e1cil de digerir e ideal para recupera\u00e7\u00e3o e crescimento muscular.","og_url":"https:\/\/fuelxgainz.store\/en\/product\/bulk\/","og_site_name":"Fuel X Gainz","article_modified_time":"2025-05-28T16:45:47+00:00","og_image":[{"width":600,"height":471,"url":"https:\/\/fuelxgainz.store\/wp-content\/uploads\/2025\/05\/Frame-54.png","type":"image\/png"}],"twitter_card":"summary_large_image","twitter_misc":{"Est. reading time":"2 minutes"},"schema":{"@context":"https:\/\/schema.org","@graph":[{"@type":"WebPage","@id":"https:\/\/fuelxgainz.store\/produto\/bulk\/","url":"https:\/\/fuelxgainz.store\/produto\/bulk\/","name":"Bulk - 2 kg - Fuel X Gainz","isPartOf":{"@id":"https:\/\/fuelxgainz.store\/#website"},"primaryImageOfPage":{"@id":"https:\/\/fuelxgainz.store\/produto\/bulk\/#primaryimage"},"image":{"@id":"https:\/\/fuelxgainz.store\/produto\/bulk\/#primaryimage"},"thumbnailUrl":"https:\/\/fuelxgainz.store\/wp-content\/uploads\/2025\/05\/Frame-54.png","datePublished":"2025-05-23T15:33:50+00:00","dateModified":"2025-05-28T16:45:47+00:00","breadcrumb":{"@id":"https:\/\/fuelxgainz.store\/produto\/bulk\/#breadcrumb"},"inLanguage":"en-US","potentialAction":[{"@type":"ReadAction","target":["https:\/\/fuelxgainz.store\/produto\/bulk\/"]}]},{"@type":"ImageObject","inLanguage":"en-US","@id":"https:\/\/fuelxgainz.store\/produto\/bulk\/#primaryimage","url":"https:\/\/fuelxgainz.store\/wp-content\/uploads\/2025\/05\/Frame-54.png","contentUrl":"https:\/\/fuelxgainz.store\/wp-content\/uploads\/2025\/05\/Frame-54.png","width":600,"height":471},{"@type":"BreadcrumbList","@id":"https:\/\/fuelxgainz.store\/produto\/bulk\/#breadcrumb","itemListElement":[{"@type":"ListItem","position":1,"name":"Home","item":"https:\/\/fuelxgainz.store\/"},{"@type":"ListItem","position":2,"name":"Produtos","item":"https:\/\/fuelxgainz.store\/produtos\/"},{"@type":"ListItem","position":3,"name":"Bulk &#8211; 2 kg"}]},{"@type":"WebSite","@id":"https:\/\/fuelxgainz.store\/#website","url":"https:\/\/fuelxgainz.store\/","name":"Fuel X Gainz","description":"","potentialAction":[{"@type":"SearchAction","target":{"@type":"EntryPoint","urlTemplate":"https:\/\/fuelxgainz.store\/?s={search_term_string}"},"query-input":{"@type":"PropertyValueSpecification","valueRequired":true,"valueName":"search_term_string"}}],"inLanguage":"en-US"}]}},"jetpack_sharing_enabled":true,"_links":{"self":[{"href":"https:\/\/fuelxgainz.store\/en\/wp-json\/wp\/v2\/product\/138","targetHints":{"allow":["GET"]}}],"collection":[{"href":"https:\/\/fuelxgainz.store\/en\/wp-json\/wp\/v2\/product"}],"about":[{"href":"https:\/\/fuelxgainz.store\/en\/wp-json\/wp\/v2\/types\/product"}],"replies":[{"embeddable":true,"href":"https:\/\/fuelxgainz.store\/en\/wp-json\/wp\/v2\/comments?post=138"}],"wp:featuredmedia":[{"embeddable":true,"href":"https:\/\/fuelxgainz.store\/en\/wp-json\/wp\/v2\/media\/259"}],"wp:attachment":[{"href":"https:\/\/fuelxgainz.store\/en\/wp-json\/wp\/v2\/media?parent=138"}],"wp:term":[{"taxonomy":"product_brand","embeddable":true,"href":"https:\/\/fuelxgainz.store\/en\/wp-json\/wp\/v2\/product_brand?post=138"},{"taxonomy":"product_cat","embeddable":true,"href":"https:\/\/fuelxgainz.store\/en\/wp-json\/wp\/v2\/product_cat?post=138"},{"taxonomy":"product_tag","embeddable":true,"href":"https:\/\/fuelxgainz.store\/en\/wp-json\/wp\/v2\/product_tag?post=138"}],"curies":[{"name":"wp","href":"https:\/\/api.w.org\/{rel}","templated":true}]}}